{"id":109,"date":"2012-06-17T22:14:42","date_gmt":"2012-06-17T22:14:42","guid":{"rendered":"http:\/\/mumtl.org\/?page_id=109"},"modified":"2023-04-11T13:49:42","modified_gmt":"2023-04-11T13:49:42","slug":"board-of-directors","status":"publish","type":"page","link":"https:\/\/mumtl.org\/en\/about-us\/board-of-directors\/","title":{"rendered":"Board of directors"},"content":{"rendered":"<p>Since its creation, MU has been able to build an experienced Board of Directors composed of seasoned professionals who help consolidate the organization\u2019s vision, advance its projects and ensure its longevity. Their infallible presence and deep knowledge of their respective fields of expertise have made the members of the Board great allies in MU\u2019s pursuit of artistic and social ambitions.<\/p>\n<ul>\n<li>Anne Darche, consumer trends specialist and corporate director ( President)<\/li>\n<li>St\u00e9phane Mongeau, Executive Producer &#8211; Arts vivants (Vice-President)<\/li>\n<li>Yann Lavall\u00e9e, Partner, EY (Treasurer)<\/li>\n<li>Laetitia Angba, Client Advisor SHDM (Secretary)<\/li>\n<li>Claude Joli-Coeur, Lawyer and corporate director (administrator)<\/li>\n<li>St\u00e9phanie Cardinal, president, HUM\u00c0 Design+Achitecture (administrator)<\/li>\n<li>Carlito Dalceggio, artist-painter (administrator)<\/li>\n<li>Claude Godon, Vice-President &#8211; Financial Performance Consulting, Raymond Chabot Grand Thornton ( Administrator)<\/li>\n<li>Elizabeth-Ann Doyle, Executive and Artistic Director, Co-founder, MU ( Administrator)<\/li>\n<li>Lise Rochette, Partner, Fasken Martineau ( Administrator)<\/li>\n<li>Marie Saint Pierre, fashion designer, Marie Saint-Pierre Design Inc ( administrator)<\/li>\n<li>Fran\u00e7ois Le Moine, Lawyer Art Rules ( administrator)<\/li>\n<\/ul>\n<p>MU also thanks the exceptional contribution of its honorary members :<\/p>\n<ul>\n<li>Emmanuelle H\u00e9bert (MU&#8217;s Co-founder)<\/li>\n<li>Robert Blain<\/li>\n<li>Fabien Cournoyer<\/li>\n<li>Andr\u00e9 Gamache<\/li>\n<li>Sylvain Gascon<\/li>\n<li>Nathalie Lecoq<\/li>\n<li>Jacques Lefebvre<\/li>\n<\/ul>\n","protected":false},"excerpt":{"rendered":"<p>Since its creation, MU has been able to build an experienced Board of Directors composed of seasoned professionals who help consolidate the organization\u2019s vision, advance its projects and ensure its longevity. Their infallible presence and deep knowledge of their respective fields of expertise have made the members of the Board great allies in MU\u2019s pursuit &hellip; <a href=\"https:\/\/mumtl.org\/en\/about-us\/board-of-directors\/\">Continued<\/a><\/p>\n","protected":false},"author":1,"featured_media":0,"parent":107,"menu_order":0,"comment_status":"open","ping_status":"closed","template":"","meta":{"_acf_changed":false,"footnotes":""},"class_list":["post-109","page","type-page","status-publish","hentry"],"acf":[],"yoast_head":"<!-- This site is optimized with the Yoast SEO plugin v27.2 - https:\/\/yoast.com\/product\/yoast-seo-wordpress\/ -->\n<title>MU &#187; Board of directors<\/title>\n<meta name=\"robots\" content=\"index, follow, max-snippet:-1, max-image-preview:large, max-video-preview:-1\" \/>\n<link rel=\"canonical\" href=\"https:\/\/mumtl.org\/en\/about-us\/board-of-directors\/\" \/>\n<meta property=\"og:locale\" content=\"en_US\" \/>\n<meta property=\"og:type\" content=\"article\" \/>\n<meta property=\"og:title\" content=\"MU &#187; Board of directors\" \/>\n<meta property=\"og:description\" content=\"Since its creation, MU has been able to build an experienced Board of Directors composed of seasoned professionals who help consolidate the organization\u2019s vision, advance its projects and ensure its longevity. Their infallible presence and deep knowledge of their respective fields of expertise have made the members of the Board great allies in MU\u2019s pursuit &hellip; Continued\" \/>\n<meta property=\"og:url\" content=\"https:\/\/mumtl.org\/en\/about-us\/board-of-directors\/\" \/>\n<meta property=\"og:site_name\" content=\"MU\" \/>\n<meta property=\"article:modified_time\" content=\"2023-04-11T13:49:42+00:00\" \/>\n<meta property=\"og:image\" content=\"https:\/\/mumtl.org\/wp-content\/uploads\/2012\/11\/MU_LESCONTEURS_2011_01_creditsphotoSTEPHANECOCKE.jpg\" \/>\n\t<meta property=\"og:image:width\" content=\"1500\" \/>\n\t<meta property=\"og:image:height\" content=\"1000\" \/>\n\t<meta property=\"og:image:type\" content=\"image\/jpeg\" \/>\n<meta name=\"twitter:card\" content=\"summary_large_image\" \/>\n<meta name=\"twitter:label1\" content=\"Est. reading time\" \/>\n\t<meta name=\"twitter:data1\" content=\"1 minute\" \/>\n<script type=\"application\/ld+json\" class=\"yoast-schema-graph\">{\"@context\":\"https:\/\/schema.org\",\"@graph\":[{\"@type\":\"WebPage\",\"@id\":\"https:\/\/mumtl.org\/en\/about-us\/board-of-directors\/\",\"url\":\"https:\/\/mumtl.org\/en\/about-us\/board-of-directors\/\",\"name\":\"MU &#187; Board of directors\",\"isPartOf\":{\"@id\":\"https:\/\/mumtl.org\/#website\"},\"datePublished\":\"2012-06-17T22:14:42+00:00\",\"dateModified\":\"2023-04-11T13:49:42+00:00\",\"breadcrumb\":{\"@id\":\"https:\/\/mumtl.org\/en\/about-us\/board-of-directors\/#breadcrumb\"},\"inLanguage\":\"en-US\",\"potentialAction\":[{\"@type\":\"ReadAction\",\"target\":[\"https:\/\/mumtl.org\/en\/about-us\/board-of-directors\/\"]}]},{\"@type\":\"BreadcrumbList\",\"@id\":\"https:\/\/mumtl.org\/en\/about-us\/board-of-directors\/#breadcrumb\",\"itemListElement\":[{\"@type\":\"ListItem\",\"position\":1,\"name\":\"Accueil\",\"item\":\"https:\/\/mumtl.org\/en\/\"},{\"@type\":\"ListItem\",\"position\":2,\"name\":\"About Us\",\"item\":\"https:\/\/mumtl.org\/en\/about-us\/\"},{\"@type\":\"ListItem\",\"position\":3,\"name\":\"Board of directors\"}]},{\"@type\":\"WebSite\",\"@id\":\"https:\/\/mumtl.org\/#website\",\"url\":\"https:\/\/mumtl.org\/\",\"name\":\"MU\",\"description\":\"R\u00e9alisation de murales \u00e0 Montr\u00e9al \/ Murals creation in Montreal\",\"potentialAction\":[{\"@type\":\"SearchAction\",\"target\":{\"@type\":\"EntryPoint\",\"urlTemplate\":\"https:\/\/mumtl.org\/?s={search_term_string}\"},\"query-input\":{\"@type\":\"PropertyValueSpecification\",\"valueRequired\":true,\"valueName\":\"search_term_string\"}}],\"inLanguage\":\"en-US\"}]}<\/script>\n<!-- \/ Yoast SEO plugin. -->","yoast_head_json":{"title":"MU &#187; Board of directors","robots":{"index":"index","follow":"follow","max-snippet":"max-snippet:-1","max-image-preview":"max-image-preview:large","max-video-preview":"max-video-preview:-1"},"canonical":"https:\/\/mumtl.org\/en\/about-us\/board-of-directors\/","og_locale":"en_US","og_type":"article","og_title":"MU &#187; Board of directors","og_description":"Since its creation, MU has been able to build an experienced Board of Directors composed of seasoned professionals who help consolidate the organization\u2019s vision, advance its projects and ensure its longevity. Their infallible presence and deep knowledge of their respective fields of expertise have made the members of the Board great allies in MU\u2019s pursuit &hellip; Continued","og_url":"https:\/\/mumtl.org\/en\/about-us\/board-of-directors\/","og_site_name":"MU","article_modified_time":"2023-04-11T13:49:42+00:00","og_image":[{"width":1500,"height":1000,"url":"https:\/\/mumtl.org\/wp-content\/uploads\/2012\/11\/MU_LESCONTEURS_2011_01_creditsphotoSTEPHANECOCKE.jpg","type":"image\/jpeg"}],"twitter_card":"summary_large_image","twitter_misc":{"Est. reading time":"1 minute"},"schema":{"@context":"https:\/\/schema.org","@graph":[{"@type":"WebPage","@id":"https:\/\/mumtl.org\/en\/about-us\/board-of-directors\/","url":"https:\/\/mumtl.org\/en\/about-us\/board-of-directors\/","name":"MU &#187; Board of directors","isPartOf":{"@id":"https:\/\/mumtl.org\/#website"},"datePublished":"2012-06-17T22:14:42+00:00","dateModified":"2023-04-11T13:49:42+00:00","breadcrumb":{"@id":"https:\/\/mumtl.org\/en\/about-us\/board-of-directors\/#breadcrumb"},"inLanguage":"en-US","potentialAction":[{"@type":"ReadAction","target":["https:\/\/mumtl.org\/en\/about-us\/board-of-directors\/"]}]},{"@type":"BreadcrumbList","@id":"https:\/\/mumtl.org\/en\/about-us\/board-of-directors\/#breadcrumb","itemListElement":[{"@type":"ListItem","position":1,"name":"Accueil","item":"https:\/\/mumtl.org\/en\/"},{"@type":"ListItem","position":2,"name":"About Us","item":"https:\/\/mumtl.org\/en\/about-us\/"},{"@type":"ListItem","position":3,"name":"Board of directors"}]},{"@type":"WebSite","@id":"https:\/\/mumtl.org\/#website","url":"https:\/\/mumtl.org\/","name":"MU","description":"R\u00e9alisation de murales \u00e0 Montr\u00e9al \/ Murals creation in Montreal","potentialAction":[{"@type":"SearchAction","target":{"@type":"EntryPoint","urlTemplate":"https:\/\/mumtl.org\/?s={search_term_string}"},"query-input":{"@type":"PropertyValueSpecification","valueRequired":true,"valueName":"search_term_string"}}],"inLanguage":"en-US"}]}},"_links":{"self":[{"href":"https:\/\/mumtl.org\/en\/wp-json\/wp\/v2\/pages\/109","targetHints":{"allow":["GET"]}}],"collection":[{"href":"https:\/\/mumtl.org\/en\/wp-json\/wp\/v2\/pages"}],"about":[{"href":"https:\/\/mumtl.org\/en\/wp-json\/wp\/v2\/types\/page"}],"author":[{"embeddable":true,"href":"https:\/\/mumtl.org\/en\/wp-json\/wp\/v2\/users\/1"}],"replies":[{"embeddable":true,"href":"https:\/\/mumtl.org\/en\/wp-json\/wp\/v2\/comments?post=109"}],"version-history":[{"count":6,"href":"https:\/\/mumtl.org\/en\/wp-json\/wp\/v2\/pages\/109\/revisions"}],"predecessor-version":[{"id":21057,"href":"https:\/\/mumtl.org\/en\/wp-json\/wp\/v2\/pages\/109\/revisions\/21057"}],"up":[{"embeddable":true,"href":"https:\/\/mumtl.org\/en\/wp-json\/wp\/v2\/pages\/107"}],"wp:attachment":[{"href":"https:\/\/mumtl.org\/en\/wp-json\/wp\/v2\/media?parent=109"}],"curies":[{"name":"wp","href":"https:\/\/api.w.org\/{rel}","templated":true}]}}