{"id":111,"date":"2012-06-17T22:12:33","date_gmt":"2012-06-17T22:12:33","guid":{"rendered":"http:\/\/mumtl.org\/?page_id=111"},"modified":"2023-04-04T18:52:34","modified_gmt":"2023-04-04T18:52:34","slug":"awards","status":"publish","type":"page","link":"https:\/\/mumtl.org\/en\/about-us\/awards\/","title":{"rendered":"Awards"},"content":{"rendered":"<p>MU has caught the attention and continues to stand out! Over the years, important distinctions have punctuated its path. As sources of pride and of motivation to keep going, these awards and mentions have highlighted and recognized not only MU\u2019s good works, but also its organizational solidity and its vision.<\/p>\n<ul>\n<li>Grand Prix du Design (Urban Design category) &#8211; 2021<\/li>\n<li>Order of Montreal (Elizabeth-Ann Doyle) &#8211; 2020<\/li>\n<li>Winner of the 34th Grand Prix du Conseil de arts de Motnr\u00e9al 2019;<\/li>\n<li>Tourisme Montr\u00e9al 2019 Distinciton Awards (Innovation Award \u2013 Under 50 employees)<\/li>\n<li><span style=\"line-height: 1.5em;\">Andr\u00e9e-Daigle 2012 Culture Citizen Prize awarded by Les Arts et la ville network;<\/span><\/li>\n<li>Grafika 2012 Prize;<\/li>\n<li>Young Socially Responsible Business Leader of Quebec at the Arista 2011 Contest hosted by the Young Chamber of Commerce of Montreal;<\/li>\n<li>Telus 2010 Arts and Culture Innovation Prize;<\/li>\n<li>Grafika 2008 Prize;<b><\/b><\/li>\n<li>Social Economic Business of the Year Prize awarded by the 2008 Quebec Entrepreneur Contest; <b><\/b><\/li>\n<li>Feminine Entrepreneur Prize awarded by the 2008 Quebec Entrepreneur Contest;<b><\/b><\/li>\n<li>FORCES of the 2007 Feminine Entrepreneur Challenge;<\/li>\n<li>Favourite of the Jury, The Novae Corporate Citizenship Award\u00a02014 (cat. Community Relations);<\/li>\n<li>Finalist, Arts-Business of Montreal contest 2013 (cat. Enterprise), with Benjamin Moore;<\/li>\n<li>Finalist, Gala de reconnaissance environnement et d\u00e9veloppement durable de Montr\u00e9al (cat. OBNL), 2014;<\/li>\n<li>Finalist, Prix de la Rel\u00e8ve \u2014 Caisse de la Culture du Conseil des arts de Montr\u00e9al, 2011;<\/li>\n<li>Finalist, Citizen of Culture 2008, awarded by Les Arts et la ville;<\/li>\n<li>Finalist, Arts-Business of Montreal contest 2008, with\u00a0Quartier Latin Development Society.<\/li>\n<\/ul>\n<p>MU murals are also highlighted in the following publications:<\/p>\n<ul>\n<li><i><a href=\"http:\/\/www.ulyssesguides.com\/catalogue\/FicheProduit.aspx?n=Guide-du-Montreal-creatif&amp;isbn=9782894645994\" target=\"_blank\" rel=\"noopener noreferrer\">Guide to Creative Montreal<\/a>\u00a0<\/i>(Ulysse 2013);<\/li>\n<li><em><a href=\"http:\/\/www.amazon.ca\/Mural-Art-Volume-Surfaces-Graffiti\/dp\/3939566276\/ref=pd_sim_b_1\" target=\"_blank\" rel=\"noopener noreferrer\">Mural Art, Volume 2: Murals on Huge Public Surfaces Around the World from Graffiti to Trompe L&#8217;Oeil<\/a>\u00a0<\/em><i>(<\/i>Publikat, Athens);<\/li>\n<li><a href=\"http:\/\/www.amazon.ca\/gp\/switch-language\/product\/3939566284\/ref=topnav_switchLang?ie=UTF8&amp;language=en_CA&amp;qid=1370897063&amp;s=books&amp;sr=1-1\" target=\"_blank\" rel=\"noopener noreferrer\"><em>Mural Art, Vol. 3: Murals on Huge Public Surfaces Around the World from Graffiti to Trompe L&#8217;Oeil<\/em>\u00a0<\/a>(Publikat, Athens);<\/li>\n<li><i>Coup d\u2019oeil du plan d\u2019action 2007-2017 Montr\u00e9al, m\u00e9tropole culturelle<\/i> (<a href=\"http:\/\/montrealmetropoleculturelle.org\/pls\/portal\/docs\/page\/pa0717_en\/media\/documents\/mmc2011_ang.pdf\" target=\"_blank\" rel=\"noopener noreferrer\">2011<\/a> and <a href=\"http:\/\/montrealmetropoleculturelle.org\/pls\/portal\/docs\/page\/pa0717_en\/media\/documents\/at_a_glance2012.pdf\" target=\"_blank\" rel=\"noopener noreferrer\">2012<\/a> editions).<\/li>\n<\/ul>\n","protected":false},"excerpt":{"rendered":"<p>MU has caught the attention and continues to stand out! Over the years, important distinctions have punctuated its path. As sources of pride and of motivation to keep going, these awards and mentions have highlighted and recognized not only MU\u2019s good works, but also its organizational solidity and its vision. Grand Prix du Design (Urban &hellip; <a href=\"https:\/\/mumtl.org\/en\/about-us\/awards\/\">Continued<\/a><\/p>\n","protected":false},"author":1,"featured_media":26948,"parent":107,"menu_order":0,"comment_status":"open","ping_status":"closed","template":"","meta":{"_acf_changed":false,"footnotes":""},"class_list":["post-111","page","type-page","status-publish","has-post-thumbnail","hentry"],"acf":[],"yoast_head":"<!-- This site is optimized with the Yoast SEO plugin v27.2 - https:\/\/yoast.com\/product\/yoast-seo-wordpress\/ -->\n<title>MU &#187; Awards<\/title>\n<meta name=\"robots\" content=\"index, follow, max-snippet:-1, max-image-preview:large, max-video-preview:-1\" \/>\n<link rel=\"canonical\" href=\"https:\/\/mumtl.org\/en\/about-us\/awards\/\" \/>\n<meta property=\"og:locale\" content=\"en_US\" \/>\n<meta property=\"og:type\" content=\"article\" \/>\n<meta property=\"og:title\" content=\"MU &#187; Awards\" \/>\n<meta property=\"og:description\" content=\"MU has caught the attention and continues to stand out! Over the years, important distinctions have punctuated its path. As sources of pride and of motivation to keep going, these awards and mentions have highlighted and recognized not only MU\u2019s good works, but also its organizational solidity and its vision. Grand Prix du Design (Urban &hellip; Continued\" \/>\n<meta property=\"og:url\" content=\"https:\/\/mumtl.org\/en\/about-us\/awards\/\" \/>\n<meta property=\"og:site_name\" content=\"MU\" \/>\n<meta property=\"article:modified_time\" content=\"2023-04-04T18:52:34+00:00\" \/>\n<meta property=\"og:image\" content=\"https:\/\/mumtl.org\/wp-content\/uploads\/2012\/11\/MU_PROVOQUEZLAPAIX_2011_17_creditsphotoCARLITODALCEGGIO-e1353613539883.jpg\" \/>\n\t<meta property=\"og:image:width\" content=\"1333\" \/>\n\t<meta property=\"og:image:height\" content=\"1000\" \/>\n\t<meta property=\"og:image:type\" content=\"image\/jpeg\" \/>\n<meta name=\"twitter:card\" content=\"summary_large_image\" \/>\n<meta name=\"twitter:label1\" content=\"Est. reading time\" \/>\n\t<meta name=\"twitter:data1\" content=\"2 minutes\" \/>\n<script type=\"application\/ld+json\" class=\"yoast-schema-graph\">{\"@context\":\"https:\/\/schema.org\",\"@graph\":[{\"@type\":\"WebPage\",\"@id\":\"https:\/\/mumtl.org\/en\/about-us\/awards\/\",\"url\":\"https:\/\/mumtl.org\/en\/about-us\/awards\/\",\"name\":\"MU &#187; Awards\",\"isPartOf\":{\"@id\":\"https:\/\/mumtl.org\/#website\"},\"primaryImageOfPage\":{\"@id\":\"https:\/\/mumtl.org\/en\/about-us\/awards\/#primaryimage\"},\"image\":{\"@id\":\"https:\/\/mumtl.org\/en\/about-us\/awards\/#primaryimage\"},\"thumbnailUrl\":\"https:\/\/mumtl.org\/wp-content\/uploads\/2025\/04\/Prix-MU.jpg\",\"datePublished\":\"2012-06-17T22:12:33+00:00\",\"dateModified\":\"2023-04-04T18:52:34+00:00\",\"breadcrumb\":{\"@id\":\"https:\/\/mumtl.org\/en\/about-us\/awards\/#breadcrumb\"},\"inLanguage\":\"en-US\",\"potentialAction\":[{\"@type\":\"ReadAction\",\"target\":[\"https:\/\/mumtl.org\/en\/about-us\/awards\/\"]}]},{\"@type\":\"ImageObject\",\"inLanguage\":\"en-US\",\"@id\":\"https:\/\/mumtl.org\/en\/about-us\/awards\/#primaryimage\",\"url\":\"https:\/\/mumtl.org\/wp-content\/uploads\/2025\/04\/Prix-MU.jpg\",\"contentUrl\":\"https:\/\/mumtl.org\/wp-content\/uploads\/2025\/04\/Prix-MU.jpg\",\"width\":1500,\"height\":1000},{\"@type\":\"BreadcrumbList\",\"@id\":\"https:\/\/mumtl.org\/en\/about-us\/awards\/#breadcrumb\",\"itemListElement\":[{\"@type\":\"ListItem\",\"position\":1,\"name\":\"Accueil\",\"item\":\"https:\/\/mumtl.org\/en\/\"},{\"@type\":\"ListItem\",\"position\":2,\"name\":\"About Us\",\"item\":\"https:\/\/mumtl.org\/en\/about-us\/\"},{\"@type\":\"ListItem\",\"position\":3,\"name\":\"Awards\"}]},{\"@type\":\"WebSite\",\"@id\":\"https:\/\/mumtl.org\/#website\",\"url\":\"https:\/\/mumtl.org\/\",\"name\":\"MU\",\"description\":\"R\u00e9alisation de murales \u00e0 Montr\u00e9al \/ Murals creation in Montreal\",\"potentialAction\":[{\"@type\":\"SearchAction\",\"target\":{\"@type\":\"EntryPoint\",\"urlTemplate\":\"https:\/\/mumtl.org\/?s={search_term_string}\"},\"query-input\":{\"@type\":\"PropertyValueSpecification\",\"valueRequired\":true,\"valueName\":\"search_term_string\"}}],\"inLanguage\":\"en-US\"}]}<\/script>\n<!-- \/ Yoast SEO plugin. -->","yoast_head_json":{"title":"MU &#187; Awards","robots":{"index":"index","follow":"follow","max-snippet":"max-snippet:-1","max-image-preview":"max-image-preview:large","max-video-preview":"max-video-preview:-1"},"canonical":"https:\/\/mumtl.org\/en\/about-us\/awards\/","og_locale":"en_US","og_type":"article","og_title":"MU &#187; Awards","og_description":"MU has caught the attention and continues to stand out! Over the years, important distinctions have punctuated its path. As sources of pride and of motivation to keep going, these awards and mentions have highlighted and recognized not only MU\u2019s good works, but also its organizational solidity and its vision. Grand Prix du Design (Urban &hellip; Continued","og_url":"https:\/\/mumtl.org\/en\/about-us\/awards\/","og_site_name":"MU","article_modified_time":"2023-04-04T18:52:34+00:00","og_image":[{"width":1333,"height":1000,"url":"https:\/\/mumtl.org\/wp-content\/uploads\/2012\/11\/MU_PROVOQUEZLAPAIX_2011_17_creditsphotoCARLITODALCEGGIO-e1353613539883.jpg","type":"image\/jpeg"}],"twitter_card":"summary_large_image","twitter_misc":{"Est. reading time":"2 minutes"},"schema":{"@context":"https:\/\/schema.org","@graph":[{"@type":"WebPage","@id":"https:\/\/mumtl.org\/en\/about-us\/awards\/","url":"https:\/\/mumtl.org\/en\/about-us\/awards\/","name":"MU &#187; Awards","isPartOf":{"@id":"https:\/\/mumtl.org\/#website"},"primaryImageOfPage":{"@id":"https:\/\/mumtl.org\/en\/about-us\/awards\/#primaryimage"},"image":{"@id":"https:\/\/mumtl.org\/en\/about-us\/awards\/#primaryimage"},"thumbnailUrl":"https:\/\/mumtl.org\/wp-content\/uploads\/2025\/04\/Prix-MU.jpg","datePublished":"2012-06-17T22:12:33+00:00","dateModified":"2023-04-04T18:52:34+00:00","breadcrumb":{"@id":"https:\/\/mumtl.org\/en\/about-us\/awards\/#breadcrumb"},"inLanguage":"en-US","potentialAction":[{"@type":"ReadAction","target":["https:\/\/mumtl.org\/en\/about-us\/awards\/"]}]},{"@type":"ImageObject","inLanguage":"en-US","@id":"https:\/\/mumtl.org\/en\/about-us\/awards\/#primaryimage","url":"https:\/\/mumtl.org\/wp-content\/uploads\/2025\/04\/Prix-MU.jpg","contentUrl":"https:\/\/mumtl.org\/wp-content\/uploads\/2025\/04\/Prix-MU.jpg","width":1500,"height":1000},{"@type":"BreadcrumbList","@id":"https:\/\/mumtl.org\/en\/about-us\/awards\/#breadcrumb","itemListElement":[{"@type":"ListItem","position":1,"name":"Accueil","item":"https:\/\/mumtl.org\/en\/"},{"@type":"ListItem","position":2,"name":"About Us","item":"https:\/\/mumtl.org\/en\/about-us\/"},{"@type":"ListItem","position":3,"name":"Awards"}]},{"@type":"WebSite","@id":"https:\/\/mumtl.org\/#website","url":"https:\/\/mumtl.org\/","name":"MU","description":"R\u00e9alisation de murales \u00e0 Montr\u00e9al \/ Murals creation in Montreal","potentialAction":[{"@type":"SearchAction","target":{"@type":"EntryPoint","urlTemplate":"https:\/\/mumtl.org\/?s={search_term_string}"},"query-input":{"@type":"PropertyValueSpecification","valueRequired":true,"valueName":"search_term_string"}}],"inLanguage":"en-US"}]}},"_links":{"self":[{"href":"https:\/\/mumtl.org\/en\/wp-json\/wp\/v2\/pages\/111","targetHints":{"allow":["GET"]}}],"collection":[{"href":"https:\/\/mumtl.org\/en\/wp-json\/wp\/v2\/pages"}],"about":[{"href":"https:\/\/mumtl.org\/en\/wp-json\/wp\/v2\/types\/page"}],"author":[{"embeddable":true,"href":"https:\/\/mumtl.org\/en\/wp-json\/wp\/v2\/users\/1"}],"replies":[{"embeddable":true,"href":"https:\/\/mumtl.org\/en\/wp-json\/wp\/v2\/comments?post=111"}],"version-history":[{"count":3,"href":"https:\/\/mumtl.org\/en\/wp-json\/wp\/v2\/pages\/111\/revisions"}],"predecessor-version":[{"id":21042,"href":"https:\/\/mumtl.org\/en\/wp-json\/wp\/v2\/pages\/111\/revisions\/21042"}],"up":[{"embeddable":true,"href":"https:\/\/mumtl.org\/en\/wp-json\/wp\/v2\/pages\/107"}],"wp:featuredmedia":[{"embeddable":true,"href":"https:\/\/mumtl.org\/en\/wp-json\/wp\/v2\/media\/26948"}],"wp:attachment":[{"href":"https:\/\/mumtl.org\/en\/wp-json\/wp\/v2\/media?parent=111"}],"curies":[{"name":"wp","href":"https:\/\/api.w.org\/{rel}","templated":true}]}}