{"id":113,"date":"1970-01-01T00:00:00","date_gmt":"1970-01-01T00:00:00","guid":{"rendered":"http:\/\/mumtl.org\/?page_id=113"},"modified":"2024-07-26T15:33:48","modified_gmt":"2024-07-26T15:33:48","slug":"team","status":"publish","type":"page","link":"https:\/\/mumtl.org\/en\/about-us\/team\/","title":{"rendered":"MU Team"},"content":{"rendered":"\n<p class=\"has-text-align-center\"><strong>The Mutants: an agile, creative, respectful, authentic, committed, and inspiring gang who create beauty and do good through art.<\/strong><\/p>\n\n\n\n<p><\/p>\n\n\n\n<div class=\"wp-block-columns are-vertically-aligned-center is-layout-flex wp-container-core-columns-is-layout-9d6595d7 wp-block-columns-is-layout-flex\">\n<div class=\"wp-block-column is-vertically-aligned-center is-layout-flow wp-block-column-is-layout-flow\"><div class=\"wp-block-image is-style-default\">\n<figure class=\"aligncenter size-full is-resized\"><img loading=\"lazy\" decoding=\"async\" width=\"500\" height=\"500\" src=\"https:\/\/mumtl.org\/wp-content\/uploads\/2023\/01\/1.png\" alt=\"\" class=\"wp-image-20182\" style=\"width:278px;height:auto\" srcset=\"https:\/\/mumtl.org\/wp-content\/uploads\/2023\/01\/1.png 500w, https:\/\/mumtl.org\/wp-content\/uploads\/2023\/01\/1-200x200.png 200w\" sizes=\"auto, (max-width: 500px) 100vw, 500px\" \/><\/figure>\n<\/div>\n\n\n<h4 class=\"wp-block-heading has-text-align-center has-h-4-font-size\">Elizabeth-Ann Doyle,<br>General and Artistic Director, CEO<\/h4>\n<\/div>\n\n\n\n<div class=\"wp-block-column is-vertically-aligned-center is-layout-flow wp-block-column-is-layout-flow\"><div class=\"wp-block-image is-style-default\">\n<figure class=\"aligncenter size-full\"><img loading=\"lazy\" decoding=\"async\" width=\"500\" height=\"500\" src=\"https:\/\/mumtl.org\/wp-content\/uploads\/2023\/12\/Creation-sans-titre-30.png\" alt=\"\" class=\"wp-image-23843\" srcset=\"https:\/\/mumtl.org\/wp-content\/uploads\/2023\/12\/Creation-sans-titre-30.png 500w, https:\/\/mumtl.org\/wp-content\/uploads\/2023\/12\/Creation-sans-titre-30-200x200.png 200w\" sizes=\"auto, (max-width: 500px) 100vw, 500px\" \/><\/figure>\n<\/div>\n\n\n<h4 class=\"wp-block-heading has-text-align-center has-h-4-font-size\">Julie \u00c9mond,<\/h4>\n\n\n\n<h4 class=\"wp-block-heading has-text-align-center has-h-4-font-size\">Deputy General Director<\/h4>\n<\/div>\n\n\n\n<div class=\"wp-block-column is-vertically-aligned-center is-layout-flow wp-block-column-is-layout-flow\">\n<figure class=\"wp-block-image size-full is-resized is-style-default\"><img loading=\"lazy\" decoding=\"async\" width=\"500\" height=\"500\" src=\"https:\/\/mumtl.org\/wp-content\/uploads\/2024\/07\/MU_EQUIPE_2024_SITE-WEB-2-1.png\" alt=\"\" class=\"wp-image-25498\" style=\"width:271px;height:auto\" srcset=\"https:\/\/mumtl.org\/wp-content\/uploads\/2024\/07\/MU_EQUIPE_2024_SITE-WEB-2-1.png 500w, https:\/\/mumtl.org\/wp-content\/uploads\/2024\/07\/MU_EQUIPE_2024_SITE-WEB-2-1-200x200.png 200w\" sizes=\"auto, (max-width: 500px) 100vw, 500px\" \/><\/figure>\n\n\n\n<h4 class=\"wp-block-heading has-text-align-center has-h-4-font-size\">Corinne Lachance, Production Director<\/h4>\n<\/div>\n<\/div>\n\n\n\n<div class=\"wp-block-columns is-layout-flex wp-container-core-columns-is-layout-9d6595d7 wp-block-columns-is-layout-flex\">\n<div class=\"wp-block-column is-layout-flow wp-block-column-is-layout-flow\">\n<figure class=\"wp-block-image size-full\"><img loading=\"lazy\" decoding=\"async\" width=\"500\" height=\"500\" src=\"https:\/\/mumtl.org\/wp-content\/uploads\/2024\/03\/9.png\" alt=\"\" class=\"wp-image-24029\" srcset=\"https:\/\/mumtl.org\/wp-content\/uploads\/2024\/03\/9.png 500w, https:\/\/mumtl.org\/wp-content\/uploads\/2024\/03\/9-200x200.png 200w\" sizes=\"auto, (max-width: 500px) 100vw, 500px\" \/><\/figure>\n\n\n\n<h4 class=\"wp-block-heading has-text-align-center has-h-4-font-size\"><strong>St\u00e9phanie Harel, <\/strong>Education Manager<\/h4>\n<\/div>\n\n\n\n<div class=\"wp-block-column is-layout-flow wp-block-column-is-layout-flow\">\n<figure class=\"wp-block-image size-full\"><img loading=\"lazy\" decoding=\"async\" width=\"500\" height=\"500\" src=\"https:\/\/mumtl.org\/wp-content\/uploads\/2023\/12\/14.png\" alt=\"\" class=\"wp-image-23825\" srcset=\"https:\/\/mumtl.org\/wp-content\/uploads\/2023\/12\/14.png 500w, https:\/\/mumtl.org\/wp-content\/uploads\/2023\/12\/14-200x200.png 200w\" sizes=\"auto, (max-width: 500px) 100vw, 500px\" \/><\/figure>\n\n\n\n<h4 class=\"wp-block-heading has-text-align-center has-h-4-font-size\">Annie Lecompte-Chauvin, Administration &amp; Personal Information Protection Manager<\/h4>\n<\/div>\n\n\n\n<div class=\"wp-block-column is-layout-flow wp-block-column-is-layout-flow\">\n<figure class=\"wp-block-image size-full is-resized is-style-default\"><img loading=\"lazy\" decoding=\"async\" width=\"500\" height=\"500\" src=\"https:\/\/mumtl.org\/wp-content\/uploads\/2023\/01\/5.png\" alt=\"\" class=\"wp-image-20212\" style=\"width:283px;height:auto\" srcset=\"https:\/\/mumtl.org\/wp-content\/uploads\/2023\/01\/5.png 500w, https:\/\/mumtl.org\/wp-content\/uploads\/2023\/01\/5-200x200.png 200w\" sizes=\"auto, (max-width: 500px) 100vw, 500px\" \/><\/figure>\n\n\n\n<h4 class=\"wp-block-heading has-text-align-center has-h-4-font-size\">Julie Carlier, Communication Manager<\/h4>\n<\/div>\n<\/div>\n\n\n\n<div class=\"wp-block-columns is-layout-flex wp-container-core-columns-is-layout-9d6595d7 wp-block-columns-is-layout-flex\">\n<div class=\"wp-block-column is-layout-flow wp-block-column-is-layout-flow\">\n<figure class=\"wp-block-image size-full\"><img loading=\"lazy\" decoding=\"async\" width=\"500\" height=\"500\" src=\"https:\/\/mumtl.org\/wp-content\/uploads\/2024\/03\/MU_EQUIPE_2024_SITE-WEB.png\" alt=\"\" class=\"wp-image-24232\" srcset=\"https:\/\/mumtl.org\/wp-content\/uploads\/2024\/03\/MU_EQUIPE_2024_SITE-WEB.png 500w, https:\/\/mumtl.org\/wp-content\/uploads\/2024\/03\/MU_EQUIPE_2024_SITE-WEB-200x200.png 200w\" sizes=\"auto, (max-width: 500px) 100vw, 500px\" \/><\/figure>\n\n\n\n<h4 class=\"wp-block-heading has-text-align-center has-h-4-font-size\">Jeanne Bertoux, Production Manager<\/h4>\n<\/div>\n\n\n\n<div class=\"wp-block-column is-layout-flow wp-block-column-is-layout-flow\">\n<figure class=\"wp-block-image size-full\"><img decoding=\"async\" src=\"https:\/\/mumtl.org\/wp-content\/uploads\/2024\/03\/20.png\" alt=\"\" class=\"wp-image-24234\"\/><\/figure>\n\n\n\n<h4 class=\"wp-block-heading has-text-align-center has-h-4-font-size\">Mathieu Lavoie, Production Worker<\/h4>\n<\/div>\n\n\n\n<div class=\"wp-block-column is-layout-flow wp-block-column-is-layout-flow\">\n<figure class=\"wp-block-image size-full is-resized is-style-default\"><img loading=\"lazy\" decoding=\"async\" width=\"500\" height=\"500\" src=\"https:\/\/mumtl.org\/wp-content\/uploads\/2024\/02\/19.png\" alt=\"\" class=\"wp-image-23929\" style=\"width:283px;height:auto\" srcset=\"https:\/\/mumtl.org\/wp-content\/uploads\/2024\/02\/19.png 500w, https:\/\/mumtl.org\/wp-content\/uploads\/2024\/02\/19-200x200.png 200w\" sizes=\"auto, (max-width: 500px) 100vw, 500px\" \/><\/figure>\n\n\n\n<h4 class=\"wp-block-heading has-text-align-center has-h-4-font-size\">Ambre Castel,<br>Assistant Director<\/h4>\n<\/div>\n<\/div>\n\n\n\n<div class=\"wp-block-columns are-vertically-aligned-center is-layout-flex wp-container-core-columns-is-layout-9d6595d7 wp-block-columns-is-layout-flex\">\n<div class=\"wp-block-column is-layout-flow wp-block-column-is-layout-flow\">\n<figure class=\"wp-block-image size-full\"><img loading=\"lazy\" decoding=\"async\" width=\"500\" height=\"500\" src=\"https:\/\/mumtl.org\/wp-content\/uploads\/2023\/12\/Creation-sans-titre-29-1.png\" alt=\"\" class=\"wp-image-23835\" srcset=\"https:\/\/mumtl.org\/wp-content\/uploads\/2023\/12\/Creation-sans-titre-29-1.png 500w, https:\/\/mumtl.org\/wp-content\/uploads\/2023\/12\/Creation-sans-titre-29-1-200x200.png 200w\" sizes=\"auto, (max-width: 500px) 100vw, 500px\" \/><\/figure>\n\n\n\n<h4 class=\"wp-block-heading has-text-align-center has-h-4-font-size\">Olivier Bousquet<strong>,<\/strong><br>Art, Photography and Communication<\/h4>\n<\/div>\n\n\n\n<div class=\"wp-block-column is-layout-flow wp-block-column-is-layout-flow\">\n<figure class=\"wp-block-image size-full\"><img loading=\"lazy\" decoding=\"async\" width=\"500\" height=\"500\" src=\"https:\/\/mumtl.org\/wp-content\/uploads\/2023\/12\/Creation-sans-titre-28.png\" alt=\"\" class=\"wp-image-23837\" srcset=\"https:\/\/mumtl.org\/wp-content\/uploads\/2023\/12\/Creation-sans-titre-28.png 500w, https:\/\/mumtl.org\/wp-content\/uploads\/2023\/12\/Creation-sans-titre-28-200x200.png 200w\" sizes=\"auto, (max-width: 500px) 100vw, 500px\" \/><\/figure>\n\n\n\n<h4 class=\"wp-block-heading has-text-align-center has-h-4-font-size\">Lo\u00efk Asselin-C\u00f4t\u00e9,<br>Production and Education Assistant<\/h4>\n<\/div>\n\n\n\n<div class=\"wp-block-column is-layout-flow wp-block-column-is-layout-flow\"><\/div>\n<\/div>\n\n\n\n<hr class=\"wp-block-separator has-alpha-channel-opacity is-style-wide\"\/>\n\n\n\n<h2 class=\"wp-block-heading\">ARTISTIC EDUCATORS<\/h2>\n\n\n\n<div class=\"wp-block-columns is-layout-flex wp-container-core-columns-is-layout-9d6595d7 wp-block-columns-is-layout-flex\">\n<div class=\"wp-block-column is-layout-flow wp-block-column-is-layout-flow\" style=\"flex-basis:100%\">\n<div class=\"wp-block-columns is-layout-flex wp-container-core-columns-is-layout-9d6595d7 wp-block-columns-is-layout-flex\">\n<div class=\"wp-block-column is-layout-flow wp-block-column-is-layout-flow\" style=\"flex-basis:100%\">\n<div class=\"wp-block-columns alignwide is-layout-flex wp-container-core-columns-is-layout-9d6595d7 wp-block-columns-is-layout-flex\">\n<div class=\"wp-block-column is-vertically-aligned-center is-layout-flow wp-block-column-is-layout-flow\">\n<figure class=\"wp-block-image size-full is-resized is-style-default\"><img loading=\"lazy\" decoding=\"async\" width=\"500\" height=\"500\" src=\"https:\/\/mumtl.org\/wp-content\/uploads\/2023\/01\/11.png\" alt=\"\" class=\"wp-image-20247\" style=\"width:285px;height:auto\" srcset=\"https:\/\/mumtl.org\/wp-content\/uploads\/2023\/01\/11.png 500w, https:\/\/mumtl.org\/wp-content\/uploads\/2023\/01\/11-200x200.png 200w\" sizes=\"auto, (max-width: 500px) 100vw, 500px\" \/><\/figure>\n\n\n\n<h4 class=\"wp-block-heading has-text-align-center has-h-2-font-size\">Diane Roe<\/h4>\n<\/div>\n\n\n\n<div class=\"wp-block-column is-layout-flow wp-block-column-is-layout-flow\">\n<figure class=\"wp-block-image size-full is-resized is-style-default\"><img loading=\"lazy\" decoding=\"async\" width=\"500\" height=\"500\" src=\"https:\/\/mumtl.org\/wp-content\/uploads\/2023\/12\/Creation-sans-titre-27.png\" alt=\"\" class=\"wp-image-23819\" style=\"width:282px;height:auto\" srcset=\"https:\/\/mumtl.org\/wp-content\/uploads\/2023\/12\/Creation-sans-titre-27.png 500w, https:\/\/mumtl.org\/wp-content\/uploads\/2023\/12\/Creation-sans-titre-27-200x200.png 200w\" sizes=\"auto, (max-width: 500px) 100vw, 500px\" \/><\/figure>\n\n\n\n<h4 class=\"wp-block-heading has-text-align-center has-h-2-font-size\">Julien Sicre<\/h4>\n<\/div>\n\n\n\n<div class=\"wp-block-column is-layout-flow wp-block-column-is-layout-flow\">\n<figure class=\"wp-block-image is-resized\"><img loading=\"lazy\" decoding=\"async\" width=\"500\" height=\"500\" src=\"https:\/\/mumtl.org\/wp-content\/uploads\/2022\/02\/JuLB-copie.png\" alt=\"\" class=\"wp-image-16888\" style=\"width:276px;height:auto\" srcset=\"https:\/\/mumtl.org\/wp-content\/uploads\/2022\/02\/JuLB-copie.png 500w, https:\/\/mumtl.org\/wp-content\/uploads\/2022\/02\/JuLB-copie-200x200.png 200w\" sizes=\"auto, (max-width: 500px) 100vw, 500px\" \/><\/figure>\n\n\n\n<h4 class=\"wp-block-heading has-text-align-center has-h-2-font-size\"><span style=\"color: revert; font-family: &quot;Cera Brush&quot;, ui-sans-serif, system-ui, -apple-system, BlinkMacSystemFont, &quot;Segoe UI&quot;, Roboto, &quot;Helvetica Neue&quot;, Arial, &quot;Noto Sans&quot;, sans-serif, &quot;Apple Color Emoji&quot;, &quot;Segoe UI Emoji&quot;, &quot;Segoe UI Symbol&quot;, &quot;Noto Color Emoji&quot;; font-weight: revert;\">Julie Le<\/span><span style=\"color: revert; font-family: &quot;Cera Brush&quot;, ui-sans-serif, system-ui, -apple-system, BlinkMacSystemFont, &quot;Segoe UI&quot;, Roboto, &quot;Helvetica Neue&quot;, Arial, &quot;Noto Sans&quot;, sans-serif, &quot;Apple Color Emoji&quot;, &quot;Segoe UI Emoji&quot;, &quot;Segoe UI Symbol&quot;, &quot;Noto Color Emoji&quot;; font-size: revert; font-weight: revert;\">gault-B\u00e9liveau<\/span><\/h4>\n<\/div>\n<\/div>\n\n\n\n<div class=\"wp-block-columns is-layout-flex wp-container-core-columns-is-layout-9d6595d7 wp-block-columns-is-layout-flex\">\n<div class=\"wp-block-column is-layout-flow wp-block-column-is-layout-flow\">\n<figure class=\"wp-block-image size-full\"><img loading=\"lazy\" decoding=\"async\" width=\"500\" height=\"500\" src=\"https:\/\/mumtl.org\/wp-content\/uploads\/2023\/12\/Creation-sans-titre-26.png\" alt=\"\" class=\"wp-image-23815\" srcset=\"https:\/\/mumtl.org\/wp-content\/uploads\/2023\/12\/Creation-sans-titre-26.png 500w, https:\/\/mumtl.org\/wp-content\/uploads\/2023\/12\/Creation-sans-titre-26-200x200.png 200w\" sizes=\"auto, (max-width: 500px) 100vw, 500px\" \/><\/figure>\n\n\n\n<h4 class=\"wp-block-heading has-text-align-center has-h-2-font-size\">Rocio Perez<\/h4>\n<\/div>\n\n\n\n<div class=\"wp-block-column is-layout-flow wp-block-column-is-layout-flow\">\n<figure class=\"wp-block-image size-full is-style-default\"><img loading=\"lazy\" decoding=\"async\" width=\"500\" height=\"500\" src=\"https:\/\/mumtl.org\/wp-content\/uploads\/2023\/12\/15-1.png\" alt=\"\" class=\"wp-image-23807\" srcset=\"https:\/\/mumtl.org\/wp-content\/uploads\/2023\/12\/15-1.png 500w, https:\/\/mumtl.org\/wp-content\/uploads\/2023\/12\/15-1-200x200.png 200w\" sizes=\"auto, (max-width: 500px) 100vw, 500px\" \/><\/figure>\n\n\n\n<h4 class=\"wp-block-heading has-text-align-center has-h-2-font-size\">Amina Mandour<\/h4>\n<\/div>\n\n\n\n<div class=\"wp-block-column is-layout-flow wp-block-column-is-layout-flow\">\n<figure class=\"wp-block-image size-full\"><img loading=\"lazy\" decoding=\"async\" width=\"500\" height=\"500\" src=\"https:\/\/mumtl.org\/wp-content\/uploads\/2023\/12\/Creation-sans-titre-25.png\" alt=\"\" class=\"wp-image-23803\" srcset=\"https:\/\/mumtl.org\/wp-content\/uploads\/2023\/12\/Creation-sans-titre-25.png 500w, https:\/\/mumtl.org\/wp-content\/uploads\/2023\/12\/Creation-sans-titre-25-200x200.png 200w\" sizes=\"auto, (max-width: 500px) 100vw, 500px\" \/><\/figure>\n\n\n\n<h4 class=\"wp-block-heading has-text-align-center has-h-2-font-size\">Fanny Labb\u00e9<\/h4>\n<\/div>\n<\/div>\n<\/div>\n<\/div>\n<\/div>\n<\/div>\n\n\n\n<div class=\"wp-block-buttons is-content-justification-center is-layout-flex wp-container-core-buttons-is-layout-16018d1d wp-block-buttons-is-layout-flex\">\n<div class=\"wp-block-button\"><a class=\"wp-block-button__link has-white-color has-blue-500-background-color has-text-color has-background has-link-color has-text-align-center wp-element-button\" href=\"https:\/\/mumtl.org\/nous-joindre\/\" style=\"border-radius:100px\" target=\"_blank\" rel=\"noreferrer noopener\">Join us<\/a><\/div>\n<\/div>\n","protected":false},"excerpt":{"rendered":"<p>The Mutants: an agile, creative, respectful, authentic, committed, and inspiring gang who create beauty and do good through art. Elizabeth-Ann Doyle,General and Artistic Director, CEO Julie \u00c9mond, Deputy General Director Corinne Lachance, Production Director St\u00e9phanie Harel, Education Manager Annie Lecompte-Chauvin, Administration &amp; Personal Information Protection Manager Julie Carlier, Communication Manager Jeanne Bertoux, Production Manager Mathieu &hellip; <a href=\"https:\/\/mumtl.org\/en\/about-us\/team\/\">Continued<\/a><\/p>\n","protected":false},"author":1,"featured_media":0,"parent":107,"menu_order":0,"comment_status":"open","ping_status":"closed","template":"","meta":{"_acf_changed":false,"footnotes":""},"class_list":["post-113","page","type-page","status-publish","hentry"],"acf":[],"yoast_head":"<!-- This site is optimized with the Yoast SEO plugin v27.4 - https:\/\/yoast.com\/product\/yoast-seo-wordpress\/ -->\n<title>MU &#187; MU Team<\/title>\n<meta name=\"robots\" content=\"index, follow, max-snippet:-1, max-image-preview:large, max-video-preview:-1\" \/>\n<link rel=\"canonical\" href=\"https:\/\/mumtl.org\/en\/about-us\/team\/\" \/>\n<meta property=\"og:locale\" content=\"en_US\" \/>\n<meta property=\"og:type\" content=\"article\" \/>\n<meta property=\"og:title\" content=\"MU &#187; MU Team\" \/>\n<meta property=\"og:description\" content=\"The Mutants: an agile, creative, respectful, authentic, committed, and inspiring gang who create beauty and do good through art. Elizabeth-Ann Doyle,General and Artistic Director, CEO Julie \u00c9mond, Deputy General Director Corinne Lachance, Production Director St\u00e9phanie Harel, Education Manager Annie Lecompte-Chauvin, Administration &amp; Personal Information Protection Manager Julie Carlier, Communication Manager Jeanne Bertoux, Production Manager Mathieu &hellip; Continued\" \/>\n<meta property=\"og:url\" content=\"https:\/\/mumtl.org\/en\/about-us\/team\/\" \/>\n<meta property=\"og:site_name\" content=\"MU\" \/>\n<meta property=\"article:modified_time\" content=\"2024-07-26T15:33:48+00:00\" \/>\n<meta property=\"og:image\" content=\"https:\/\/mumtl.org\/wp-content\/uploads\/2023\/01\/1.png\" \/>\n<meta name=\"twitter:card\" content=\"summary_large_image\" \/>\n<meta name=\"twitter:label1\" content=\"Est. reading time\" \/>\n\t<meta name=\"twitter:data1\" content=\"4 minutes\" \/>\n<script type=\"application\/ld+json\" class=\"yoast-schema-graph\">{\"@context\":\"https:\\\/\\\/schema.org\",\"@graph\":[{\"@type\":\"WebPage\",\"@id\":\"https:\\\/\\\/mumtl.org\\\/en\\\/about-us\\\/team\\\/\",\"url\":\"https:\\\/\\\/mumtl.org\\\/en\\\/about-us\\\/team\\\/\",\"name\":\"MU &#187; MU Team\",\"isPartOf\":{\"@id\":\"https:\\\/\\\/mumtl.org\\\/#website\"},\"primaryImageOfPage\":{\"@id\":\"https:\\\/\\\/mumtl.org\\\/en\\\/about-us\\\/team\\\/#primaryimage\"},\"image\":{\"@id\":\"https:\\\/\\\/mumtl.org\\\/en\\\/about-us\\\/team\\\/#primaryimage\"},\"thumbnailUrl\":\"https:\\\/\\\/mumtl.org\\\/wp-content\\\/uploads\\\/2023\\\/01\\\/1.png\",\"datePublished\":\"1970-01-01T00:00:00+00:00\",\"dateModified\":\"2024-07-26T15:33:48+00:00\",\"breadcrumb\":{\"@id\":\"https:\\\/\\\/mumtl.org\\\/en\\\/about-us\\\/team\\\/#breadcrumb\"},\"inLanguage\":\"en-US\",\"potentialAction\":[{\"@type\":\"ReadAction\",\"target\":[\"https:\\\/\\\/mumtl.org\\\/en\\\/about-us\\\/team\\\/\"]}]},{\"@type\":\"ImageObject\",\"inLanguage\":\"en-US\",\"@id\":\"https:\\\/\\\/mumtl.org\\\/en\\\/about-us\\\/team\\\/#primaryimage\",\"url\":\"https:\\\/\\\/mumtl.org\\\/wp-content\\\/uploads\\\/2023\\\/01\\\/1.png\",\"contentUrl\":\"https:\\\/\\\/mumtl.org\\\/wp-content\\\/uploads\\\/2023\\\/01\\\/1.png\"},{\"@type\":\"BreadcrumbList\",\"@id\":\"https:\\\/\\\/mumtl.org\\\/en\\\/about-us\\\/team\\\/#breadcrumb\",\"itemListElement\":[{\"@type\":\"ListItem\",\"position\":1,\"name\":\"Accueil\",\"item\":\"https:\\\/\\\/mumtl.org\\\/en\\\/\"},{\"@type\":\"ListItem\",\"position\":2,\"name\":\"About Us\",\"item\":\"https:\\\/\\\/mumtl.org\\\/en\\\/about-us\\\/\"},{\"@type\":\"ListItem\",\"position\":3,\"name\":\"MU Team\"}]},{\"@type\":\"WebSite\",\"@id\":\"https:\\\/\\\/mumtl.org\\\/#website\",\"url\":\"https:\\\/\\\/mumtl.org\\\/\",\"name\":\"MU\",\"description\":\"R\u00e9alisation de murales \u00e0 Montr\u00e9al \\\/ Murals creation in Montreal\",\"potentialAction\":[{\"@type\":\"SearchAction\",\"target\":{\"@type\":\"EntryPoint\",\"urlTemplate\":\"https:\\\/\\\/mumtl.org\\\/?s={search_term_string}\"},\"query-input\":{\"@type\":\"PropertyValueSpecification\",\"valueRequired\":true,\"valueName\":\"search_term_string\"}}],\"inLanguage\":\"en-US\"}]}<\/script>\n<!-- \/ Yoast SEO plugin. -->","yoast_head_json":{"title":"MU &#187; MU Team","robots":{"index":"index","follow":"follow","max-snippet":"max-snippet:-1","max-image-preview":"max-image-preview:large","max-video-preview":"max-video-preview:-1"},"canonical":"https:\/\/mumtl.org\/en\/about-us\/team\/","og_locale":"en_US","og_type":"article","og_title":"MU &#187; MU Team","og_description":"The Mutants: an agile, creative, respectful, authentic, committed, and inspiring gang who create beauty and do good through art. Elizabeth-Ann Doyle,General and Artistic Director, CEO Julie \u00c9mond, Deputy General Director Corinne Lachance, Production Director St\u00e9phanie Harel, Education Manager Annie Lecompte-Chauvin, Administration &amp; Personal Information Protection Manager Julie Carlier, Communication Manager Jeanne Bertoux, Production Manager Mathieu &hellip; Continued","og_url":"https:\/\/mumtl.org\/en\/about-us\/team\/","og_site_name":"MU","article_modified_time":"2024-07-26T15:33:48+00:00","og_image":[{"url":"https:\/\/mumtl.org\/wp-content\/uploads\/2023\/01\/1.png","type":"","width":"","height":""}],"twitter_card":"summary_large_image","twitter_misc":{"Est. reading time":"4 minutes"},"schema":{"@context":"https:\/\/schema.org","@graph":[{"@type":"WebPage","@id":"https:\/\/mumtl.org\/en\/about-us\/team\/","url":"https:\/\/mumtl.org\/en\/about-us\/team\/","name":"MU &#187; MU Team","isPartOf":{"@id":"https:\/\/mumtl.org\/#website"},"primaryImageOfPage":{"@id":"https:\/\/mumtl.org\/en\/about-us\/team\/#primaryimage"},"image":{"@id":"https:\/\/mumtl.org\/en\/about-us\/team\/#primaryimage"},"thumbnailUrl":"https:\/\/mumtl.org\/wp-content\/uploads\/2023\/01\/1.png","datePublished":"1970-01-01T00:00:00+00:00","dateModified":"2024-07-26T15:33:48+00:00","breadcrumb":{"@id":"https:\/\/mumtl.org\/en\/about-us\/team\/#breadcrumb"},"inLanguage":"en-US","potentialAction":[{"@type":"ReadAction","target":["https:\/\/mumtl.org\/en\/about-us\/team\/"]}]},{"@type":"ImageObject","inLanguage":"en-US","@id":"https:\/\/mumtl.org\/en\/about-us\/team\/#primaryimage","url":"https:\/\/mumtl.org\/wp-content\/uploads\/2023\/01\/1.png","contentUrl":"https:\/\/mumtl.org\/wp-content\/uploads\/2023\/01\/1.png"},{"@type":"BreadcrumbList","@id":"https:\/\/mumtl.org\/en\/about-us\/team\/#breadcrumb","itemListElement":[{"@type":"ListItem","position":1,"name":"Accueil","item":"https:\/\/mumtl.org\/en\/"},{"@type":"ListItem","position":2,"name":"About Us","item":"https:\/\/mumtl.org\/en\/about-us\/"},{"@type":"ListItem","position":3,"name":"MU Team"}]},{"@type":"WebSite","@id":"https:\/\/mumtl.org\/#website","url":"https:\/\/mumtl.org\/","name":"MU","description":"R\u00e9alisation de murales \u00e0 Montr\u00e9al \/ Murals creation in Montreal","potentialAction":[{"@type":"SearchAction","target":{"@type":"EntryPoint","urlTemplate":"https:\/\/mumtl.org\/?s={search_term_string}"},"query-input":{"@type":"PropertyValueSpecification","valueRequired":true,"valueName":"search_term_string"}}],"inLanguage":"en-US"}]}},"_links":{"self":[{"href":"https:\/\/mumtl.org\/en\/wp-json\/wp\/v2\/pages\/113","targetHints":{"allow":["GET"]}}],"collection":[{"href":"https:\/\/mumtl.org\/en\/wp-json\/wp\/v2\/pages"}],"about":[{"href":"https:\/\/mumtl.org\/en\/wp-json\/wp\/v2\/types\/page"}],"author":[{"embeddable":true,"href":"https:\/\/mumtl.org\/en\/wp-json\/wp\/v2\/users\/1"}],"replies":[{"embeddable":true,"href":"https:\/\/mumtl.org\/en\/wp-json\/wp\/v2\/comments?post=113"}],"version-history":[{"count":20,"href":"https:\/\/mumtl.org\/en\/wp-json\/wp\/v2\/pages\/113\/revisions"}],"predecessor-version":[{"id":25500,"href":"https:\/\/mumtl.org\/en\/wp-json\/wp\/v2\/pages\/113\/revisions\/25500"}],"up":[{"embeddable":true,"href":"https:\/\/mumtl.org\/en\/wp-json\/wp\/v2\/pages\/107"}],"wp:attachment":[{"href":"https:\/\/mumtl.org\/en\/wp-json\/wp\/v2\/media?parent=113"}],"curies":[{"name":"wp","href":"https:\/\/api.w.org\/{rel}","templated":true}]}}