{"id":141,"date":"2012-06-17T22:24:55","date_gmt":"2012-06-17T22:24:55","guid":{"rendered":"http:\/\/mumtl.org\/?page_id=141"},"modified":"2013-12-05T16:32:58","modified_gmt":"2013-12-05T16:32:58","slug":"artists","status":"publish","type":"page","link":"https:\/\/mumtl.org\/en\/participate\/artists\/","title":{"rendered":"Artists + Mediators"},"content":{"rendered":"<p>Artists are at the heart of MU. They are the true cornerstones, the ones who personify the organization\u2019s vision and who give life to each of its creations.<\/p>\n<p>Whether you\u2019re a muralist (with experience in mural painting or large format works), apprentice muralists (mentoring and summer jobs for visual arts students) or cultural mediators (youth workshop animators with an emphasis on mural art), you can help make Montreal a real cultural centre. MU is always on the lookout for talent. Send us your CV and your portfolio.<\/p>\n","protected":false},"excerpt":{"rendered":"<p>Artists are at the heart of MU. They are the true cornerstones, the ones who personify the organization\u2019s vision and who give life to each of its creations. Whether you\u2019re a muralist (with experience in mural painting or large format works), apprentice muralists (mentoring and summer jobs for visual arts students) or cultural mediators (youth &hellip; <a href=\"https:\/\/mumtl.org\/en\/participate\/artists\/\">Continued<\/a><\/p>\n","protected":false},"author":1,"featured_media":0,"parent":139,"menu_order":0,"comment_status":"open","ping_status":"closed","template":"","meta":{"_acf_changed":false,"footnotes":""},"class_list":["post-141","page","type-page","status-publish","hentry"],"acf":[],"yoast_head":"<!-- This site is optimized with the Yoast SEO plugin v27.2 - https:\/\/yoast.com\/product\/yoast-seo-wordpress\/ -->\n<title>MU &#187; Artists + Mediators<\/title>\n<meta name=\"robots\" content=\"index, follow, max-snippet:-1, max-image-preview:large, max-video-preview:-1\" \/>\n<link rel=\"canonical\" href=\"https:\/\/mumtl.org\/en\/participate\/artists\/\" \/>\n<meta property=\"og:locale\" content=\"en_US\" \/>\n<meta property=\"og:type\" content=\"article\" \/>\n<meta property=\"og:title\" content=\"MU &#187; Artists + Mediators\" \/>\n<meta property=\"og:description\" content=\"Artists are at the heart of MU. They are the true cornerstones, the ones who personify the organization\u2019s vision and who give life to each of its creations. Whether you\u2019re a muralist (with experience in mural painting or large format works), apprentice muralists (mentoring and summer jobs for visual arts students) or cultural mediators (youth &hellip; Continued\" \/>\n<meta property=\"og:url\" content=\"https:\/\/mumtl.org\/en\/participate\/artists\/\" \/>\n<meta property=\"og:site_name\" content=\"MU\" \/>\n<meta property=\"article:modified_time\" content=\"2013-12-05T16:32:58+00:00\" \/>\n<meta property=\"og:image\" content=\"https:\/\/mumtl.org\/wp-content\/uploads\/2012\/11\/MU_LEUPHORIEDESSAGES_2008_14_creditsphotoMU.jpg\" \/>\n\t<meta property=\"og:image:width\" content=\"1500\" \/>\n\t<meta property=\"og:image:height\" content=\"997\" \/>\n\t<meta property=\"og:image:type\" content=\"image\/jpeg\" \/>\n<meta name=\"twitter:card\" content=\"summary_large_image\" \/>\n<script type=\"application\/ld+json\" class=\"yoast-schema-graph\">{\"@context\":\"https:\/\/schema.org\",\"@graph\":[{\"@type\":\"WebPage\",\"@id\":\"https:\/\/mumtl.org\/en\/participate\/artists\/\",\"url\":\"https:\/\/mumtl.org\/en\/participate\/artists\/\",\"name\":\"MU &#187; Artists + Mediators\",\"isPartOf\":{\"@id\":\"https:\/\/mumtl.org\/#website\"},\"datePublished\":\"2012-06-17T22:24:55+00:00\",\"dateModified\":\"2013-12-05T16:32:58+00:00\",\"breadcrumb\":{\"@id\":\"https:\/\/mumtl.org\/en\/participate\/artists\/#breadcrumb\"},\"inLanguage\":\"en-US\",\"potentialAction\":[{\"@type\":\"ReadAction\",\"target\":[\"https:\/\/mumtl.org\/en\/participate\/artists\/\"]}]},{\"@type\":\"BreadcrumbList\",\"@id\":\"https:\/\/mumtl.org\/en\/participate\/artists\/#breadcrumb\",\"itemListElement\":[{\"@type\":\"ListItem\",\"position\":1,\"name\":\"Accueil\",\"item\":\"https:\/\/mumtl.org\/en\/\"},{\"@type\":\"ListItem\",\"position\":2,\"name\":\"Participate\",\"item\":\"https:\/\/mumtl.org\/en\/participate\/\"},{\"@type\":\"ListItem\",\"position\":3,\"name\":\"Artists + Mediators\"}]},{\"@type\":\"WebSite\",\"@id\":\"https:\/\/mumtl.org\/#website\",\"url\":\"https:\/\/mumtl.org\/\",\"name\":\"MU\",\"description\":\"R\u00e9alisation de murales \u00e0 Montr\u00e9al \/ Murals creation in Montreal\",\"potentialAction\":[{\"@type\":\"SearchAction\",\"target\":{\"@type\":\"EntryPoint\",\"urlTemplate\":\"https:\/\/mumtl.org\/?s={search_term_string}\"},\"query-input\":{\"@type\":\"PropertyValueSpecification\",\"valueRequired\":true,\"valueName\":\"search_term_string\"}}],\"inLanguage\":\"en-US\"}]}<\/script>\n<!-- \/ Yoast SEO plugin. -->","yoast_head_json":{"title":"MU &#187; Artists + Mediators","robots":{"index":"index","follow":"follow","max-snippet":"max-snippet:-1","max-image-preview":"max-image-preview:large","max-video-preview":"max-video-preview:-1"},"canonical":"https:\/\/mumtl.org\/en\/participate\/artists\/","og_locale":"en_US","og_type":"article","og_title":"MU &#187; Artists + Mediators","og_description":"Artists are at the heart of MU. They are the true cornerstones, the ones who personify the organization\u2019s vision and who give life to each of its creations. Whether you\u2019re a muralist (with experience in mural painting or large format works), apprentice muralists (mentoring and summer jobs for visual arts students) or cultural mediators (youth &hellip; Continued","og_url":"https:\/\/mumtl.org\/en\/participate\/artists\/","og_site_name":"MU","article_modified_time":"2013-12-05T16:32:58+00:00","og_image":[{"width":1500,"height":997,"url":"https:\/\/mumtl.org\/wp-content\/uploads\/2012\/11\/MU_LEUPHORIEDESSAGES_2008_14_creditsphotoMU.jpg","type":"image\/jpeg"}],"twitter_card":"summary_large_image","schema":{"@context":"https:\/\/schema.org","@graph":[{"@type":"WebPage","@id":"https:\/\/mumtl.org\/en\/participate\/artists\/","url":"https:\/\/mumtl.org\/en\/participate\/artists\/","name":"MU &#187; Artists + Mediators","isPartOf":{"@id":"https:\/\/mumtl.org\/#website"},"datePublished":"2012-06-17T22:24:55+00:00","dateModified":"2013-12-05T16:32:58+00:00","breadcrumb":{"@id":"https:\/\/mumtl.org\/en\/participate\/artists\/#breadcrumb"},"inLanguage":"en-US","potentialAction":[{"@type":"ReadAction","target":["https:\/\/mumtl.org\/en\/participate\/artists\/"]}]},{"@type":"BreadcrumbList","@id":"https:\/\/mumtl.org\/en\/participate\/artists\/#breadcrumb","itemListElement":[{"@type":"ListItem","position":1,"name":"Accueil","item":"https:\/\/mumtl.org\/en\/"},{"@type":"ListItem","position":2,"name":"Participate","item":"https:\/\/mumtl.org\/en\/participate\/"},{"@type":"ListItem","position":3,"name":"Artists + Mediators"}]},{"@type":"WebSite","@id":"https:\/\/mumtl.org\/#website","url":"https:\/\/mumtl.org\/","name":"MU","description":"R\u00e9alisation de murales \u00e0 Montr\u00e9al \/ Murals creation in Montreal","potentialAction":[{"@type":"SearchAction","target":{"@type":"EntryPoint","urlTemplate":"https:\/\/mumtl.org\/?s={search_term_string}"},"query-input":{"@type":"PropertyValueSpecification","valueRequired":true,"valueName":"search_term_string"}}],"inLanguage":"en-US"}]}},"_links":{"self":[{"href":"https:\/\/mumtl.org\/en\/wp-json\/wp\/v2\/pages\/141","targetHints":{"allow":["GET"]}}],"collection":[{"href":"https:\/\/mumtl.org\/en\/wp-json\/wp\/v2\/pages"}],"about":[{"href":"https:\/\/mumtl.org\/en\/wp-json\/wp\/v2\/types\/page"}],"author":[{"embeddable":true,"href":"https:\/\/mumtl.org\/en\/wp-json\/wp\/v2\/users\/1"}],"replies":[{"embeddable":true,"href":"https:\/\/mumtl.org\/en\/wp-json\/wp\/v2\/comments?post=141"}],"version-history":[{"count":0,"href":"https:\/\/mumtl.org\/en\/wp-json\/wp\/v2\/pages\/141\/revisions"}],"up":[{"embeddable":true,"href":"https:\/\/mumtl.org\/en\/wp-json\/wp\/v2\/pages\/139"}],"wp:attachment":[{"href":"https:\/\/mumtl.org\/en\/wp-json\/wp\/v2\/media?parent=141"}],"curies":[{"name":"wp","href":"https:\/\/api.w.org\/{rel}","templated":true}]}}