{"id":14460,"date":"2013-08-21T15:59:36","date_gmt":"2013-08-21T15:59:36","guid":{"rendered":"http:\/\/mumtl.org\/?page_id=14460"},"modified":"2024-03-28T17:16:03","modified_gmt":"2024-03-28T17:16:03","slug":"contact-us-2","status":"publish","type":"page","link":"https:\/\/mumtl.org\/en\/contact-us-2\/","title":{"rendered":"Contact us"},"content":{"rendered":"\n<p><\/p>\n\n\n\n<div class=\"wp-block-columns is-layout-flex wp-container-core-columns-is-layout-9d6595d7 wp-block-columns-is-layout-flex\">\n<div class=\"wp-block-column is-layout-flow wp-block-column-is-layout-flow\" style=\"flex-basis:33.33%\">\n<p><strong>MU<\/strong><\/p>\n\n\n\n<p><a href=\"https:\/\/www.google.com\/search?q=7227+rue+Alexandra&amp;oq=7227+rue+Alexandra&amp;aqs=chrome..69i57j33i160l2j33i22i29i30.5979j0j7&amp;sourceid=chrome&amp;ie=UTF-8#\" target=\"_blank\" rel=\"noopener\">7227 rue Alexandra <br>Montr\u00e9al (QC) H2R 2Y9<\/a><\/p>\n\n\n\n<p><b>Phone<\/b><br><a href=\"tel:514%20509-6877\" target=\"_blank\" rel=\"noopener noreferrer\">514 509-6877<\/a><\/p>\n<p><b>Email<\/b><br><span class=\"author-72EwljqVNlso link:mailto:info@mumtl.org author-72EwljqVNlso link\"><a class=\"link-forced\" href=\"mailto:info@mumtl.org\" target=\"_blank\" rel=\"eplinks_hrefmailto:info@mumtl.org noopener noreferrer\">info@mumtl.org<\/a><\/span><\/p>\n<\/div>\n\n\n\n<div class=\"wp-block-column is-layout-flow wp-block-column-is-layout-flow\" style=\"flex-basis:66.66%\"><div class=\"frm_forms  with_frm_style frm_style_formidable-style\" id=\"frm_form_3_container\" data-token=\"6e0eaace17774f7c6b3bb4ec4280d61a\">\n<form enctype=\"multipart\/form-data\" method=\"post\" class=\"frm-show-form  frm_pro_form \" id=\"form_contact-us7f393bc2a6ea25337f39\" data-token=\"6e0eaace17774f7c6b3bb4ec4280d61a\">\n<div class=\"frm_form_fields \">\n<fieldset>\n<legend class=\"frm_screen_reader\">Contact Us<\/legend>\r\n\r\n<div class=\"frm_fields_container\">\n<input type=\"hidden\" name=\"frm_action\" value=\"create\" \/>\n<input type=\"hidden\" name=\"form_id\" value=\"3\" \/>\n<input type=\"hidden\" name=\"frm_hide_fields_3\" id=\"frm_hide_fields_3\" value=\"\" \/>\n<input type=\"hidden\" name=\"form_key\" value=\"contact-us7f393bc2a6ea25337f39\" \/>\n<input type=\"hidden\" name=\"item_meta[0]\" value=\"\" \/>\n<input type=\"hidden\" id=\"frm_submit_entry_3\" name=\"frm_submit_entry_3\" value=\"f789293dff\" \/><input type=\"hidden\" name=\"_wp_http_referer\" value=\"\/en\/wp-json\/wp\/v2\/pages\/14460\" \/><div id=\"frm_field_11_container\" class=\"frm_form_field form-field  frm_required_field frm_top_container frm12 frm_first\">\r\n    <label for=\"field_ocfup12a98a81e9e96f8e57a167\" id=\"field_ocfup12a98a81e9e96f8e57a167_label\" class=\"frm_primary_label\">Nom\r\n        <span class=\"frm_required\" aria-hidden=\"true\">*<\/span>\r\n    <\/label>\r\n    <input  type=\"text\" id=\"field_ocfup12a98a81e9e96f8e57a167\" name=\"item_meta[11]\" value=\"\"  data-reqmsg=\"Nom cannot be blank.\" aria-required=\"true\" data-invmsg=\"Last is invalid\" aria-invalid=\"false\"   \/>\r\n    \r\n    \r\n<\/div>\n<div id=\"frm_field_12_container\" class=\"frm_form_field form-field  frm_required_field frm_top_container frm_full\">\r\n    <label for=\"field_29yf4d29927eb296f769f902ffa\" id=\"field_29yf4d29927eb296f769f902ffa_label\" class=\"frm_primary_label\">Courriel\r\n        <span class=\"frm_required\" aria-hidden=\"true\">*<\/span>\r\n    <\/label>\r\n    <input type=\"email\" id=\"field_29yf4d29927eb296f769f902ffa\" name=\"item_meta[12]\" value=\"\"  data-reqmsg=\"Courriel cannot be blank.\" aria-required=\"true\" data-invmsg=\"Please enter a valid email address\" aria-invalid=\"false\"  \/>\r\n    \r\n    \r\n<\/div>\n<div id=\"frm_field_13_container\" class=\"frm_form_field form-field  frm_required_field frm_top_container frm_full\">\r\n    <label for=\"field_e6lis626f77371ece5930dec9e3\" id=\"field_e6lis626f77371ece5930dec9e3_label\" class=\"frm_primary_label\">Sujet\r\n        <span class=\"frm_required\" aria-hidden=\"true\">*<\/span>\r\n    <\/label>\r\n    <input  type=\"text\" id=\"field_e6lis626f77371ece5930dec9e3\" name=\"item_meta[13]\" value=\"\"  data-reqmsg=\"Sujet cannot be blank.\" aria-required=\"true\" data-invmsg=\"Subject is invalid\" aria-invalid=\"false\"   \/>\r\n    \r\n    \r\n<\/div>\n<div id=\"frm_field_14_container\" class=\"frm_form_field form-field  frm_required_field frm_top_container frm_full\">\r\n    <label for=\"field_9jv0r12880137de4da929e14fb4\" id=\"field_9jv0r12880137de4da929e14fb4_label\" class=\"frm_primary_label\">Message\r\n        <span class=\"frm_required\" aria-hidden=\"true\">*<\/span>\r\n    <\/label>\r\n    <textarea name=\"item_meta[14]\" id=\"field_9jv0r12880137de4da929e14fb4\" rows=\"5\"  data-reqmsg=\"Message cannot be blank.\" aria-required=\"true\" data-invmsg=\"Message is invalid\" aria-invalid=\"false\"  ><\/textarea>\r\n    \r\n    \r\n<\/div>\n<div id=\"frm_field_17_container\" class=\"frm_form_field form-field \">\n\t<div class=\"frm_submit\">\r\n\r\n<button class=\"frm_button_submit frm_final_submit cta\" type=\"submit\"   formnovalidate=\"formnovalidate\">Soumettre<\/button>\r\n\r\n<\/div>\n<\/div>\n\t<input type=\"hidden\" name=\"item_key\" value=\"\" \/>\n\t\t\t<div id=\"frm_field_19_container\">\n\t\t\t<label for=\"field_c4yol\" >\n\t\t\t\tIf you are human, leave this field blank.\t\t\t<\/label>\n\t\t\t<input  id=\"field_c4yol\" type=\"text\" class=\"frm_form_field form-field frm_verify\" name=\"item_meta[19]\" value=\"\"  \/>\n\t\t<\/div>\n\t\t<input name=\"frm_state\" type=\"hidden\" value=\"0WtwlwXGUWTMG80jnKI+s8t+hu5mbkJtqSbUPq2hWtRbgphL12TWHZF\/wLNLiM3K\" \/><\/div>\n<\/fieldset>\n<\/div>\n\n<\/form>\n<\/div>\n<\/div>\n<\/div>\n\n\n\n<p><strong>To contact the person responsible for privacy protection:<\/strong><br>Annie Lecompte-Chauvin<br>Administration Manager<br><a>annie@mumtl.org<\/a><br>514-509-6877<\/p>\n","protected":false},"excerpt":{"rendered":"<p>MU 7227 rue Alexandra Montr\u00e9al (QC) H2R 2Y9 Phone514 509-6877 Emailinfo@mumtl.org To contact the person responsible for privacy protection:Annie Lecompte-ChauvinAdministration Managerannie@mumtl.org514-509-6877<\/p>\n","protected":false},"author":500,"featured_media":0,"parent":0,"menu_order":0,"comment_status":"closed","ping_status":"closed","template":"","meta":{"_acf_changed":false,"footnotes":""},"class_list":["post-14460","page","type-page","status-publish","hentry"],"acf":[],"yoast_head":"<!-- This site is optimized with the Yoast SEO plugin v27.2 - https:\/\/yoast.com\/product\/yoast-seo-wordpress\/ -->\n<title>MU &#187; Contact us<\/title>\n<meta name=\"robots\" content=\"index, follow, max-snippet:-1, max-image-preview:large, max-video-preview:-1\" \/>\n<link rel=\"canonical\" href=\"https:\/\/mumtl.org\/en\/contact-us-2\/\" \/>\n<meta property=\"og:locale\" content=\"en_US\" \/>\n<meta property=\"og:type\" content=\"article\" \/>\n<meta property=\"og:title\" content=\"MU &#187; Contact us\" \/>\n<meta property=\"og:description\" content=\"MU 7227 rue Alexandra Montr\u00e9al (QC) H2R 2Y9 Phone514 509-6877 Emailinfo@mumtl.org To contact the person responsible for privacy protection:Annie Lecompte-ChauvinAdministration Managerannie@mumtl.org514-509-6877\" \/>\n<meta property=\"og:url\" content=\"https:\/\/mumtl.org\/en\/contact-us-2\/\" \/>\n<meta property=\"og:site_name\" content=\"MU\" \/>\n<meta property=\"article:modified_time\" content=\"2024-03-28T17:16:03+00:00\" \/>\n<meta name=\"twitter:card\" content=\"summary_large_image\" \/>\n<meta name=\"twitter:label1\" content=\"Est. reading time\" \/>\n\t<meta name=\"twitter:data1\" content=\"1 minute\" \/>\n<script type=\"application\/ld+json\" class=\"yoast-schema-graph\">{\"@context\":\"https:\/\/schema.org\",\"@graph\":[{\"@type\":\"WebPage\",\"@id\":\"https:\/\/mumtl.org\/en\/contact-us-2\/\",\"url\":\"https:\/\/mumtl.org\/en\/contact-us-2\/\",\"name\":\"MU &#187; Contact us\",\"isPartOf\":{\"@id\":\"https:\/\/mumtl.org\/#website\"},\"datePublished\":\"2013-08-21T15:59:36+00:00\",\"dateModified\":\"2024-03-28T17:16:03+00:00\",\"breadcrumb\":{\"@id\":\"https:\/\/mumtl.org\/en\/contact-us-2\/#breadcrumb\"},\"inLanguage\":\"en-US\",\"potentialAction\":[{\"@type\":\"ReadAction\",\"target\":[\"https:\/\/mumtl.org\/en\/contact-us-2\/\"]}]},{\"@type\":\"BreadcrumbList\",\"@id\":\"https:\/\/mumtl.org\/en\/contact-us-2\/#breadcrumb\",\"itemListElement\":[{\"@type\":\"ListItem\",\"position\":1,\"name\":\"Accueil\",\"item\":\"https:\/\/mumtl.org\/en\/\"},{\"@type\":\"ListItem\",\"position\":2,\"name\":\"Contact us\"}]},{\"@type\":\"WebSite\",\"@id\":\"https:\/\/mumtl.org\/#website\",\"url\":\"https:\/\/mumtl.org\/\",\"name\":\"MU\",\"description\":\"R\u00e9alisation de murales \u00e0 Montr\u00e9al \/ Murals creation in Montreal\",\"potentialAction\":[{\"@type\":\"SearchAction\",\"target\":{\"@type\":\"EntryPoint\",\"urlTemplate\":\"https:\/\/mumtl.org\/?s={search_term_string}\"},\"query-input\":{\"@type\":\"PropertyValueSpecification\",\"valueRequired\":true,\"valueName\":\"search_term_string\"}}],\"inLanguage\":\"en-US\"}]}<\/script>\n<!-- \/ Yoast SEO plugin. -->","yoast_head_json":{"title":"MU &#187; Contact us","robots":{"index":"index","follow":"follow","max-snippet":"max-snippet:-1","max-image-preview":"max-image-preview:large","max-video-preview":"max-video-preview:-1"},"canonical":"https:\/\/mumtl.org\/en\/contact-us-2\/","og_locale":"en_US","og_type":"article","og_title":"MU &#187; Contact us","og_description":"MU 7227 rue Alexandra Montr\u00e9al (QC) H2R 2Y9 Phone514 509-6877 Emailinfo@mumtl.org To contact the person responsible for privacy protection:Annie Lecompte-ChauvinAdministration Managerannie@mumtl.org514-509-6877","og_url":"https:\/\/mumtl.org\/en\/contact-us-2\/","og_site_name":"MU","article_modified_time":"2024-03-28T17:16:03+00:00","twitter_card":"summary_large_image","twitter_misc":{"Est. reading time":"1 minute"},"schema":{"@context":"https:\/\/schema.org","@graph":[{"@type":"WebPage","@id":"https:\/\/mumtl.org\/en\/contact-us-2\/","url":"https:\/\/mumtl.org\/en\/contact-us-2\/","name":"MU &#187; Contact us","isPartOf":{"@id":"https:\/\/mumtl.org\/#website"},"datePublished":"2013-08-21T15:59:36+00:00","dateModified":"2024-03-28T17:16:03+00:00","breadcrumb":{"@id":"https:\/\/mumtl.org\/en\/contact-us-2\/#breadcrumb"},"inLanguage":"en-US","potentialAction":[{"@type":"ReadAction","target":["https:\/\/mumtl.org\/en\/contact-us-2\/"]}]},{"@type":"BreadcrumbList","@id":"https:\/\/mumtl.org\/en\/contact-us-2\/#breadcrumb","itemListElement":[{"@type":"ListItem","position":1,"name":"Accueil","item":"https:\/\/mumtl.org\/en\/"},{"@type":"ListItem","position":2,"name":"Contact us"}]},{"@type":"WebSite","@id":"https:\/\/mumtl.org\/#website","url":"https:\/\/mumtl.org\/","name":"MU","description":"R\u00e9alisation de murales \u00e0 Montr\u00e9al \/ Murals creation in Montreal","potentialAction":[{"@type":"SearchAction","target":{"@type":"EntryPoint","urlTemplate":"https:\/\/mumtl.org\/?s={search_term_string}"},"query-input":{"@type":"PropertyValueSpecification","valueRequired":true,"valueName":"search_term_string"}}],"inLanguage":"en-US"}]}},"_links":{"self":[{"href":"https:\/\/mumtl.org\/en\/wp-json\/wp\/v2\/pages\/14460","targetHints":{"allow":["GET"]}}],"collection":[{"href":"https:\/\/mumtl.org\/en\/wp-json\/wp\/v2\/pages"}],"about":[{"href":"https:\/\/mumtl.org\/en\/wp-json\/wp\/v2\/types\/page"}],"author":[{"embeddable":true,"href":"https:\/\/mumtl.org\/en\/wp-json\/wp\/v2\/users\/500"}],"replies":[{"embeddable":true,"href":"https:\/\/mumtl.org\/en\/wp-json\/wp\/v2\/comments?post=14460"}],"version-history":[{"count":13,"href":"https:\/\/mumtl.org\/en\/wp-json\/wp\/v2\/pages\/14460\/revisions"}],"predecessor-version":[{"id":24254,"href":"https:\/\/mumtl.org\/en\/wp-json\/wp\/v2\/pages\/14460\/revisions\/24254"}],"wp:attachment":[{"href":"https:\/\/mumtl.org\/en\/wp-json\/wp\/v2\/media?parent=14460"}],"curies":[{"name":"wp","href":"https:\/\/api.w.org\/{rel}","templated":true}]}}