{"id":145,"date":"2012-06-17T22:25:56","date_gmt":"2012-06-17T22:25:56","guid":{"rendered":"http:\/\/mumtl.org\/?page_id=145"},"modified":"2015-04-15T18:54:47","modified_gmt":"2015-04-15T18:54:47","slug":"sponsors","status":"publish","type":"page","link":"https:\/\/mumtl.org\/en\/participate\/sponsors\/","title":{"rendered":"Sponsors"},"content":{"rendered":"<h2><b>Give back to Montreal<\/b><\/h2>\n<p><span style=\"color: #00ccff;\">&#8220;Culture is a major contributor to our city\u2019s development, whether by contributing to social unity, strengthening Montreal\u2019s identity or generating economic activity&#8221;*<\/span><\/p>\n<p>MU offers businesses a way to invest in the Montreal cultural milieu by supporting one or more mural art projects. True works of art that stand out across the city, MU wall murals are privileged opportunities for corporate citizens to give from the heart to the city and its people.<\/p>\n<h2><b>Sponsorships and donations<\/b><\/h2>\n<p>By financing artistic and social projects by MU, you will be giving back to the community and you will be contributing to an artistic intervention that aims to give access to the arts and to use the arts as a vector for social change. Your support can take the form of a <a title=\"MAKE A DONATION\" href=\"http:\/\/mumtl.org\/donate-to-mu\/\">donation<\/a> or through a cash or goods and services sponsorship. Become the sponsor of one mural, a series of murals or of one of our youth workshops. Additionally, you can offer MU a sponsorship in goods &amp; services. We constantly have a need for artistic material and computer equipment, printing and catering services, and equipment rentals (scaffolding, fencing, baskets) etc.<\/p>\n<p>Supporting artistic and cultural expression in Montreal brings the city\u2019s identity to life, celebrates its beauty and contributes to its economic and social development. Investing in an artistic organization like MU is like offering a special gift to all of Montreal.<\/p>\n<div align=\"center\"><\/div>\n<p><span style=\"color: #000000;\">* From <a href=\"http:\/\/www.artsmontreal.org\/media\/Documentation\/publications\/guideInvestirCulture2011_en.pdf\" target=\"_blank\"><span style=\"color: #000000;\"><i><span style=\"text-decoration: underline;\">The Art of Investing in Culture, A Guide for Business people<\/span><\/i><\/span><\/a>, published by the Montreal Metropolitan Chamber of Commerce.<\/span><\/p>\n","protected":false},"excerpt":{"rendered":"<p>Give back to Montreal &#8220;Culture is a major contributor to our city\u2019s development, whether by contributing to social unity, strengthening Montreal\u2019s identity or generating economic activity&#8221;* MU offers businesses a way to invest in the Montreal cultural milieu by supporting one or more mural art projects. True works of art that stand out across the &hellip; <a href=\"https:\/\/mumtl.org\/en\/participate\/sponsors\/\">Continued<\/a><\/p>\n","protected":false},"author":1,"featured_media":0,"parent":139,"menu_order":0,"comment_status":"open","ping_status":"closed","template":"","meta":{"_acf_changed":false,"footnotes":""},"class_list":["post-145","page","type-page","status-publish","hentry"],"acf":[],"yoast_head":"<!-- This site is optimized with the Yoast SEO plugin v27.4 - https:\/\/yoast.com\/product\/yoast-seo-wordpress\/ -->\n<title>MU &#187; Sponsors<\/title>\n<meta name=\"robots\" content=\"index, follow, max-snippet:-1, max-image-preview:large, max-video-preview:-1\" \/>\n<link rel=\"canonical\" href=\"https:\/\/mumtl.org\/en\/participate\/sponsors\/\" \/>\n<meta property=\"og:locale\" content=\"en_US\" \/>\n<meta property=\"og:type\" content=\"article\" \/>\n<meta property=\"og:title\" content=\"MU &#187; Sponsors\" \/>\n<meta property=\"og:description\" content=\"Give back to Montreal &#8220;Culture is a major contributor to our city\u2019s development, whether by contributing to social unity, strengthening Montreal\u2019s identity or generating economic activity&#8221;* MU offers businesses a way to invest in the Montreal cultural milieu by supporting one or more mural art projects. True works of art that stand out across the &hellip; Continued\" \/>\n<meta property=\"og:url\" content=\"https:\/\/mumtl.org\/en\/participate\/sponsors\/\" \/>\n<meta property=\"og:site_name\" content=\"MU\" \/>\n<meta property=\"article:modified_time\" content=\"2015-04-15T18:54:47+00:00\" \/>\n<meta property=\"og:image\" content=\"https:\/\/mumtl.org\/wp-content\/uploads\/2012\/06\/WEBSITE_20140924_P9240147_creditsOlivierbousquet-scaled.jpg\" \/>\n\t<meta property=\"og:image:width\" content=\"2560\" \/>\n\t<meta property=\"og:image:height\" content=\"1600\" \/>\n\t<meta property=\"og:image:type\" content=\"image\/jpeg\" \/>\n<meta name=\"twitter:card\" content=\"summary_large_image\" \/>\n<meta name=\"twitter:label1\" content=\"Est. reading time\" \/>\n\t<meta name=\"twitter:data1\" content=\"1 minute\" \/>\n<script type=\"application\/ld+json\" class=\"yoast-schema-graph\">{\"@context\":\"https:\\\/\\\/schema.org\",\"@graph\":[{\"@type\":\"WebPage\",\"@id\":\"https:\\\/\\\/mumtl.org\\\/en\\\/participate\\\/sponsors\\\/\",\"url\":\"https:\\\/\\\/mumtl.org\\\/en\\\/participate\\\/sponsors\\\/\",\"name\":\"MU &#187; Sponsors\",\"isPartOf\":{\"@id\":\"https:\\\/\\\/mumtl.org\\\/#website\"},\"datePublished\":\"2012-06-17T22:25:56+00:00\",\"dateModified\":\"2015-04-15T18:54:47+00:00\",\"breadcrumb\":{\"@id\":\"https:\\\/\\\/mumtl.org\\\/en\\\/participate\\\/sponsors\\\/#breadcrumb\"},\"inLanguage\":\"en-US\",\"potentialAction\":[{\"@type\":\"ReadAction\",\"target\":[\"https:\\\/\\\/mumtl.org\\\/en\\\/participate\\\/sponsors\\\/\"]}]},{\"@type\":\"BreadcrumbList\",\"@id\":\"https:\\\/\\\/mumtl.org\\\/en\\\/participate\\\/sponsors\\\/#breadcrumb\",\"itemListElement\":[{\"@type\":\"ListItem\",\"position\":1,\"name\":\"Accueil\",\"item\":\"https:\\\/\\\/mumtl.org\\\/en\\\/\"},{\"@type\":\"ListItem\",\"position\":2,\"name\":\"Participate\",\"item\":\"https:\\\/\\\/mumtl.org\\\/en\\\/participate\\\/\"},{\"@type\":\"ListItem\",\"position\":3,\"name\":\"Sponsors\"}]},{\"@type\":\"WebSite\",\"@id\":\"https:\\\/\\\/mumtl.org\\\/#website\",\"url\":\"https:\\\/\\\/mumtl.org\\\/\",\"name\":\"MU\",\"description\":\"R\u00e9alisation de murales \u00e0 Montr\u00e9al \\\/ Murals creation in Montreal\",\"potentialAction\":[{\"@type\":\"SearchAction\",\"target\":{\"@type\":\"EntryPoint\",\"urlTemplate\":\"https:\\\/\\\/mumtl.org\\\/?s={search_term_string}\"},\"query-input\":{\"@type\":\"PropertyValueSpecification\",\"valueRequired\":true,\"valueName\":\"search_term_string\"}}],\"inLanguage\":\"en-US\"}]}<\/script>\n<!-- \/ Yoast SEO plugin. -->","yoast_head_json":{"title":"MU &#187; Sponsors","robots":{"index":"index","follow":"follow","max-snippet":"max-snippet:-1","max-image-preview":"max-image-preview:large","max-video-preview":"max-video-preview:-1"},"canonical":"https:\/\/mumtl.org\/en\/participate\/sponsors\/","og_locale":"en_US","og_type":"article","og_title":"MU &#187; Sponsors","og_description":"Give back to Montreal &#8220;Culture is a major contributor to our city\u2019s development, whether by contributing to social unity, strengthening Montreal\u2019s identity or generating economic activity&#8221;* MU offers businesses a way to invest in the Montreal cultural milieu by supporting one or more mural art projects. True works of art that stand out across the &hellip; Continued","og_url":"https:\/\/mumtl.org\/en\/participate\/sponsors\/","og_site_name":"MU","article_modified_time":"2015-04-15T18:54:47+00:00","og_image":[{"width":2560,"height":1600,"url":"https:\/\/mumtl.org\/wp-content\/uploads\/2012\/06\/WEBSITE_20140924_P9240147_creditsOlivierbousquet-scaled.jpg","type":"image\/jpeg"}],"twitter_card":"summary_large_image","twitter_misc":{"Est. reading time":"1 minute"},"schema":{"@context":"https:\/\/schema.org","@graph":[{"@type":"WebPage","@id":"https:\/\/mumtl.org\/en\/participate\/sponsors\/","url":"https:\/\/mumtl.org\/en\/participate\/sponsors\/","name":"MU &#187; Sponsors","isPartOf":{"@id":"https:\/\/mumtl.org\/#website"},"datePublished":"2012-06-17T22:25:56+00:00","dateModified":"2015-04-15T18:54:47+00:00","breadcrumb":{"@id":"https:\/\/mumtl.org\/en\/participate\/sponsors\/#breadcrumb"},"inLanguage":"en-US","potentialAction":[{"@type":"ReadAction","target":["https:\/\/mumtl.org\/en\/participate\/sponsors\/"]}]},{"@type":"BreadcrumbList","@id":"https:\/\/mumtl.org\/en\/participate\/sponsors\/#breadcrumb","itemListElement":[{"@type":"ListItem","position":1,"name":"Accueil","item":"https:\/\/mumtl.org\/en\/"},{"@type":"ListItem","position":2,"name":"Participate","item":"https:\/\/mumtl.org\/en\/participate\/"},{"@type":"ListItem","position":3,"name":"Sponsors"}]},{"@type":"WebSite","@id":"https:\/\/mumtl.org\/#website","url":"https:\/\/mumtl.org\/","name":"MU","description":"R\u00e9alisation de murales \u00e0 Montr\u00e9al \/ Murals creation in Montreal","potentialAction":[{"@type":"SearchAction","target":{"@type":"EntryPoint","urlTemplate":"https:\/\/mumtl.org\/?s={search_term_string}"},"query-input":{"@type":"PropertyValueSpecification","valueRequired":true,"valueName":"search_term_string"}}],"inLanguage":"en-US"}]}},"_links":{"self":[{"href":"https:\/\/mumtl.org\/en\/wp-json\/wp\/v2\/pages\/145","targetHints":{"allow":["GET"]}}],"collection":[{"href":"https:\/\/mumtl.org\/en\/wp-json\/wp\/v2\/pages"}],"about":[{"href":"https:\/\/mumtl.org\/en\/wp-json\/wp\/v2\/types\/page"}],"author":[{"embeddable":true,"href":"https:\/\/mumtl.org\/en\/wp-json\/wp\/v2\/users\/1"}],"replies":[{"embeddable":true,"href":"https:\/\/mumtl.org\/en\/wp-json\/wp\/v2\/comments?post=145"}],"version-history":[{"count":0,"href":"https:\/\/mumtl.org\/en\/wp-json\/wp\/v2\/pages\/145\/revisions"}],"up":[{"embeddable":true,"href":"https:\/\/mumtl.org\/en\/wp-json\/wp\/v2\/pages\/139"}],"wp:attachment":[{"href":"https:\/\/mumtl.org\/en\/wp-json\/wp\/v2\/media?parent=145"}],"curies":[{"name":"wp","href":"https:\/\/api.w.org\/{rel}","templated":true}]}}