{"id":150,"date":"2012-06-17T22:25:17","date_gmt":"2012-06-17T22:25:17","guid":{"rendered":"http:\/\/mumtl.org\/?page_id=150"},"modified":"2019-08-05T18:19:43","modified_gmt":"2019-08-05T18:19:43","slug":"property-owners","status":"publish","type":"page","link":"https:\/\/mumtl.org\/en\/participate\/property-owners\/","title":{"rendered":"Property owners"},"content":{"rendered":"<p><strong>Murals Seeking Walls!<\/strong> MU is constantly scouting the streets of the city to find accessible buildings (fronting busy streets) and blank walls (without windows) to give life to its unique mural art projects. As much as a beautifying durable solution as a deterrent to acts of vandalism, MU murals contribute to a long-term improvement of the quality of life in your neighbourhood (murals have a life-span of 15-20 years). Owners of commercial or private buildings can offer their blank walls to MU by filling the form below.<\/p>\n<p>From conception to completion, MU coordinates all aspects of the project (permits, scaffolding, equipment, communications, etc.). All you\u2019ll need to do is authorize the creation of the mural on your property by signing an agreement contract. Additionally, before the first swipe of paint, a mock-up of the creation will be presented to you for approval. MU assumes the cost of the civil responsibility insurance and the costs linked to any small work of brick-pointing (if necessary). Finally, MU commits to maintaining the mural during five years (renewable).<\/p>\n<p>Become a proponent of change in your neighbourhood and contribute, with MU, to transforming Montreal in an open-air art MUseum.<\/p>\n<p><script src=\"https:\/\/static.airtable.com\/js\/embed\/embed_snippet_v1.js\"><\/script><iframe loading=\"lazy\" class=\"airtable-embed\" src=\"https:\/\/airtable.com\/embed\/shr4yXWTZdKsC7Ved?backgroundColor=redLight\" frameborder=\"0\" onmousewheel=\"\" width=\"100%\" height=\"533\" style=\"background: transparent; border: 1px solid #ccc;\"><\/iframe><\/p>\n","protected":false},"excerpt":{"rendered":"<p>Murals Seeking Walls! MU is constantly scouting the streets of the city to find accessible buildings (fronting busy streets) and blank walls (without windows) to give life to its unique mural art projects. As much as a beautifying durable solution as a deterrent to acts of vandalism, MU murals contribute to a long-term improvement of &hellip; <a href=\"https:\/\/mumtl.org\/en\/participate\/property-owners\/\">Continued<\/a><\/p>\n","protected":false},"author":1,"featured_media":4024,"parent":139,"menu_order":0,"comment_status":"open","ping_status":"closed","template":"","meta":{"_acf_changed":false,"footnotes":""},"class_list":["post-150","page","type-page","status-publish","has-post-thumbnail","hentry"],"acf":[],"yoast_head":"<!-- This site is optimized with the Yoast SEO plugin v27.2 - https:\/\/yoast.com\/product\/yoast-seo-wordpress\/ -->\n<title>MU &#187; Property owners<\/title>\n<meta name=\"robots\" content=\"index, follow, max-snippet:-1, max-image-preview:large, max-video-preview:-1\" \/>\n<link rel=\"canonical\" href=\"https:\/\/mumtl.org\/en\/participate\/property-owners\/\" \/>\n<meta property=\"og:locale\" content=\"en_US\" \/>\n<meta property=\"og:type\" content=\"article\" \/>\n<meta property=\"og:title\" content=\"MU &#187; Property owners\" \/>\n<meta property=\"og:description\" content=\"Murals Seeking Walls! MU is constantly scouting the streets of the city to find accessible buildings (fronting busy streets) and blank walls (without windows) to give life to its unique mural art projects. As much as a beautifying durable solution as a deterrent to acts of vandalism, MU murals contribute to a long-term improvement of &hellip; Continued\" \/>\n<meta property=\"og:url\" content=\"https:\/\/mumtl.org\/en\/participate\/property-owners\/\" \/>\n<meta property=\"og:site_name\" content=\"MU\" \/>\n<meta property=\"article:modified_time\" content=\"2019-08-05T18:19:43+00:00\" \/>\n<meta property=\"og:image\" content=\"https:\/\/mumtl.org\/wp-content\/uploads\/2013\/09\/MU_LEMTLDEMIYUKITANOBE_ANNIEHAMEL_Making-of_02_creditsphotoAnnieHamel.jpg\" \/>\n\t<meta property=\"og:image:width\" content=\"1500\" \/>\n\t<meta property=\"og:image:height\" content=\"845\" \/>\n\t<meta property=\"og:image:type\" content=\"image\/jpeg\" \/>\n<meta name=\"twitter:card\" content=\"summary_large_image\" \/>\n<meta name=\"twitter:label1\" content=\"Est. reading time\" \/>\n\t<meta name=\"twitter:data1\" content=\"1 minute\" \/>\n<script type=\"application\/ld+json\" class=\"yoast-schema-graph\">{\"@context\":\"https:\/\/schema.org\",\"@graph\":[{\"@type\":\"WebPage\",\"@id\":\"https:\/\/mumtl.org\/en\/participate\/property-owners\/\",\"url\":\"https:\/\/mumtl.org\/en\/participate\/property-owners\/\",\"name\":\"MU &#187; Property owners\",\"isPartOf\":{\"@id\":\"https:\/\/mumtl.org\/#website\"},\"primaryImageOfPage\":{\"@id\":\"https:\/\/mumtl.org\/en\/participate\/property-owners\/#primaryimage\"},\"image\":{\"@id\":\"https:\/\/mumtl.org\/en\/participate\/property-owners\/#primaryimage\"},\"thumbnailUrl\":\"https:\/\/mumtl.org\/wp-content\/uploads\/2013\/09\/MU_LEMTLDEMIYUKITANOBE_ANNIEHAMEL_Making-of_02_creditsphotoAnnieHamel.jpg\",\"datePublished\":\"2012-06-17T22:25:17+00:00\",\"dateModified\":\"2019-08-05T18:19:43+00:00\",\"breadcrumb\":{\"@id\":\"https:\/\/mumtl.org\/en\/participate\/property-owners\/#breadcrumb\"},\"inLanguage\":\"en-US\",\"potentialAction\":[{\"@type\":\"ReadAction\",\"target\":[\"https:\/\/mumtl.org\/en\/participate\/property-owners\/\"]}]},{\"@type\":\"ImageObject\",\"inLanguage\":\"en-US\",\"@id\":\"https:\/\/mumtl.org\/en\/participate\/property-owners\/#primaryimage\",\"url\":\"https:\/\/mumtl.org\/wp-content\/uploads\/2013\/09\/MU_LEMTLDEMIYUKITANOBE_ANNIEHAMEL_Making-of_02_creditsphotoAnnieHamel.jpg\",\"contentUrl\":\"https:\/\/mumtl.org\/wp-content\/uploads\/2013\/09\/MU_LEMTLDEMIYUKITANOBE_ANNIEHAMEL_Making-of_02_creditsphotoAnnieHamel.jpg\",\"width\":1500,\"height\":845},{\"@type\":\"BreadcrumbList\",\"@id\":\"https:\/\/mumtl.org\/en\/participate\/property-owners\/#breadcrumb\",\"itemListElement\":[{\"@type\":\"ListItem\",\"position\":1,\"name\":\"Accueil\",\"item\":\"https:\/\/mumtl.org\/en\/\"},{\"@type\":\"ListItem\",\"position\":2,\"name\":\"Participate\",\"item\":\"https:\/\/mumtl.org\/en\/participate\/\"},{\"@type\":\"ListItem\",\"position\":3,\"name\":\"Property owners\"}]},{\"@type\":\"WebSite\",\"@id\":\"https:\/\/mumtl.org\/#website\",\"url\":\"https:\/\/mumtl.org\/\",\"name\":\"MU\",\"description\":\"R\u00e9alisation de murales \u00e0 Montr\u00e9al \/ Murals creation in Montreal\",\"potentialAction\":[{\"@type\":\"SearchAction\",\"target\":{\"@type\":\"EntryPoint\",\"urlTemplate\":\"https:\/\/mumtl.org\/?s={search_term_string}\"},\"query-input\":{\"@type\":\"PropertyValueSpecification\",\"valueRequired\":true,\"valueName\":\"search_term_string\"}}],\"inLanguage\":\"en-US\"}]}<\/script>\n<!-- \/ Yoast SEO plugin. -->","yoast_head_json":{"title":"MU &#187; Property owners","robots":{"index":"index","follow":"follow","max-snippet":"max-snippet:-1","max-image-preview":"max-image-preview:large","max-video-preview":"max-video-preview:-1"},"canonical":"https:\/\/mumtl.org\/en\/participate\/property-owners\/","og_locale":"en_US","og_type":"article","og_title":"MU &#187; Property owners","og_description":"Murals Seeking Walls! MU is constantly scouting the streets of the city to find accessible buildings (fronting busy streets) and blank walls (without windows) to give life to its unique mural art projects. As much as a beautifying durable solution as a deterrent to acts of vandalism, MU murals contribute to a long-term improvement of &hellip; Continued","og_url":"https:\/\/mumtl.org\/en\/participate\/property-owners\/","og_site_name":"MU","article_modified_time":"2019-08-05T18:19:43+00:00","og_image":[{"width":1500,"height":845,"url":"https:\/\/mumtl.org\/wp-content\/uploads\/2013\/09\/MU_LEMTLDEMIYUKITANOBE_ANNIEHAMEL_Making-of_02_creditsphotoAnnieHamel.jpg","type":"image\/jpeg"}],"twitter_card":"summary_large_image","twitter_misc":{"Est. reading time":"1 minute"},"schema":{"@context":"https:\/\/schema.org","@graph":[{"@type":"WebPage","@id":"https:\/\/mumtl.org\/en\/participate\/property-owners\/","url":"https:\/\/mumtl.org\/en\/participate\/property-owners\/","name":"MU &#187; Property owners","isPartOf":{"@id":"https:\/\/mumtl.org\/#website"},"primaryImageOfPage":{"@id":"https:\/\/mumtl.org\/en\/participate\/property-owners\/#primaryimage"},"image":{"@id":"https:\/\/mumtl.org\/en\/participate\/property-owners\/#primaryimage"},"thumbnailUrl":"https:\/\/mumtl.org\/wp-content\/uploads\/2013\/09\/MU_LEMTLDEMIYUKITANOBE_ANNIEHAMEL_Making-of_02_creditsphotoAnnieHamel.jpg","datePublished":"2012-06-17T22:25:17+00:00","dateModified":"2019-08-05T18:19:43+00:00","breadcrumb":{"@id":"https:\/\/mumtl.org\/en\/participate\/property-owners\/#breadcrumb"},"inLanguage":"en-US","potentialAction":[{"@type":"ReadAction","target":["https:\/\/mumtl.org\/en\/participate\/property-owners\/"]}]},{"@type":"ImageObject","inLanguage":"en-US","@id":"https:\/\/mumtl.org\/en\/participate\/property-owners\/#primaryimage","url":"https:\/\/mumtl.org\/wp-content\/uploads\/2013\/09\/MU_LEMTLDEMIYUKITANOBE_ANNIEHAMEL_Making-of_02_creditsphotoAnnieHamel.jpg","contentUrl":"https:\/\/mumtl.org\/wp-content\/uploads\/2013\/09\/MU_LEMTLDEMIYUKITANOBE_ANNIEHAMEL_Making-of_02_creditsphotoAnnieHamel.jpg","width":1500,"height":845},{"@type":"BreadcrumbList","@id":"https:\/\/mumtl.org\/en\/participate\/property-owners\/#breadcrumb","itemListElement":[{"@type":"ListItem","position":1,"name":"Accueil","item":"https:\/\/mumtl.org\/en\/"},{"@type":"ListItem","position":2,"name":"Participate","item":"https:\/\/mumtl.org\/en\/participate\/"},{"@type":"ListItem","position":3,"name":"Property owners"}]},{"@type":"WebSite","@id":"https:\/\/mumtl.org\/#website","url":"https:\/\/mumtl.org\/","name":"MU","description":"R\u00e9alisation de murales \u00e0 Montr\u00e9al \/ Murals creation in Montreal","potentialAction":[{"@type":"SearchAction","target":{"@type":"EntryPoint","urlTemplate":"https:\/\/mumtl.org\/?s={search_term_string}"},"query-input":{"@type":"PropertyValueSpecification","valueRequired":true,"valueName":"search_term_string"}}],"inLanguage":"en-US"}]}},"_links":{"self":[{"href":"https:\/\/mumtl.org\/en\/wp-json\/wp\/v2\/pages\/150","targetHints":{"allow":["GET"]}}],"collection":[{"href":"https:\/\/mumtl.org\/en\/wp-json\/wp\/v2\/pages"}],"about":[{"href":"https:\/\/mumtl.org\/en\/wp-json\/wp\/v2\/types\/page"}],"author":[{"embeddable":true,"href":"https:\/\/mumtl.org\/en\/wp-json\/wp\/v2\/users\/1"}],"replies":[{"embeddable":true,"href":"https:\/\/mumtl.org\/en\/wp-json\/wp\/v2\/comments?post=150"}],"version-history":[{"count":1,"href":"https:\/\/mumtl.org\/en\/wp-json\/wp\/v2\/pages\/150\/revisions"}],"predecessor-version":[{"id":13588,"href":"https:\/\/mumtl.org\/en\/wp-json\/wp\/v2\/pages\/150\/revisions\/13588"}],"up":[{"embeddable":true,"href":"https:\/\/mumtl.org\/en\/wp-json\/wp\/v2\/pages\/139"}],"wp:featuredmedia":[{"embeddable":true,"href":"https:\/\/mumtl.org\/en\/wp-json\/wp\/v2\/media\/4024"}],"wp:attachment":[{"href":"https:\/\/mumtl.org\/en\/wp-json\/wp\/v2\/media?parent=150"}],"curies":[{"name":"wp","href":"https:\/\/api.w.org\/{rel}","templated":true}]}}