{"id":167,"date":"2012-06-17T22:28:11","date_gmt":"2012-06-17T22:28:11","guid":{"rendered":"http:\/\/mumtl.org\/?page_id=167"},"modified":"2021-03-29T14:36:45","modified_gmt":"2021-03-29T14:36:45","slug":"pressroom","status":"publish","type":"page","link":"https:\/\/mumtl.org\/en\/press\/pressroom\/","title":{"rendered":"Pressroom"},"content":{"rendered":"<h3>Informations (medias)<\/h3>\n<p>For media inquiries, please contact :<\/p>\n<p>514 509 6877 (office) &lt;&gt; info@mumtl.org<\/p>\n<h3>Communiqu\u00e9s 2020<\/h3>\n<ul>\n<li><a href=\"https:\/\/drive.google.com\/file\/d\/1VjTJ5sNtL0bB5pyBJg_Tabvsx9Z_QgpO\/view?usp=sharing\">2020-12-03 : MU d\u00e9voile deux murales dans VSMPE en 2020<\/a> (FR)<\/li>\n<li><a href=\"https:\/\/drive.google.com\/file\/d\/1JUiY3ZCEMgM1uUuCrpc8bSjEGtn0p19x\/view?usp=sharing\">2020-11-16 : A Memorial Mural in Honour of Nelson Mandela<\/a><\/li>\n<li><a href=\"https:\/\/drive.google.com\/file\/d\/1EFJ7huPsXg2pCem4qWrdvCDkJg5swxeo\/view?usp=sharing\" target=\"_blank\" rel=\"noopener noreferrer\">2020-11-10 : MU l\u00e8gue \u00e0 Montr\u00e9al une murale t\u00e9moin de la pand\u00e9mie du coronavirus<\/a> (FR)<\/li>\n<li><a href=\"https:\/\/drive.google.com\/file\/d\/16dzq1zWoGHKCEAV26caPrMxowopivWXh\/view?usp=sharing\">2020-11-02 : MU rend hommage \u00e0 Armand Vaillancourt dans sa collection hommage aux b\u00e2tisseurs culturels montr\u00e9alais<\/a> (FR)<\/li>\n<li><a href=\"https:\/\/drive.google.com\/file\/d\/1eLKqg7H-HZ5qmBIjtbqrLdM2uirQ4G_8\/view?usp=sharing\">2020-07-22 : Go with the flow&#8230; And enjoy the Avenue&#8217;s new configuration this summer.<\/a><\/li>\n<\/ul>\n<h3>Press Releases 2019<\/h3>\n<ul>\n<li><a href=\"https:\/\/drive.google.com\/file\/d\/1vS-1_Is3TsY4JthNIktyjBbI1W19LG4m\/view?usp=sharing\" target=\"_blank\" rel=\"noopener noreferrer\">2019-12-03 : Une nouvelle murale embl\u00e9matique \u00e0 l&#8217;entr\u00e9e du centre-ville de Montr\u00e9al<\/a> (FR)<\/li>\n<li><a href=\"https:\/\/drive.google.com\/file\/d\/118-qKrYIdjkGtZ1czQOFlCXzfjK6HZfv\/view?usp=sharing\" target=\"_blank\" rel=\"noopener noreferrer\">2019-11-26 : Une nouvelle de MU pour souligner le 25e anniversaire de L&#8217;ITIN\u00c9RAIRE<\/a> (FR)<\/li>\n<li><a href=\"https:\/\/drive.google.com\/file\/d\/1iOA8M4DGY06wIcrG54yNt7rlA4pBOWlA\/view?usp=sharing\" target=\"_blank\" rel=\"noopener noreferrer\">2019-10-08 : MU honours Phyllis Lambert in Milton-Parc<\/a><\/li>\n<li><a href=\"https:\/\/drive.google.com\/file\/d\/1J_gXC5JrfnQsxzZxt4mHitPNVzdR0ZgF\/view?usp=sharing\" target=\"_blank\" rel=\"noopener noreferrer\">2019-10-03 : MU offers a monumental mural to the OMHM for its 50th anniversary<\/a><\/li>\n<li><a href=\"https:\/\/drive.google.com\/file\/d\/1tRHEgkdCrdhiEzMxwzIKtxFnPj9apPJ3\/view?usp=sharing\" target=\"_blank\" rel=\"noopener noreferrer\">2019-06-12 : Leonard Cohen lights up Montreal&#8217;s nights<\/a><\/li>\n<li><a href=\"https:\/\/mumtl.org\/en\/press\/pressroom\/attachment\/mu-wins-the-34th-grand-prix-du-conseil-des-arts-de-montreal_en-2\/\" target=\"_blank\" rel=\"attachment noopener wp-att-13026 noreferrer\">2019-03-21 : MU wins the 34th Grand Prix du Conseil des arts de Montre\u0301al<\/a><\/li>\n<\/ul>\n<h3>Press Releases 2018<\/h3>\n<ul>\n<li><a href=\"https:\/\/mumtl.org\/en\/mu_alanis-obomsawin_2018_press-release_en-2\/\" target=\"_blank\" rel=\"noopener noreferrer\">2018-11-05 : MURAL TRIBUTE TO ALANIS OBOMSAWIN, MU inaugurates a 20th mural dedicated to Montr\u00e9al&#8217;s Great Artists<\/a><\/li>\n<li><a href=\"https:\/\/mumtl.org\/en\/clippings\/tribute-to-daisy-peterson-sweeney-press-release\/attachment\/mu_omhm_batisseurs_jazz_2018_press-release_en\/\" target=\"_blank\" rel=\"attachment noopener wp-att-12978 noreferrer\">2018-10-23 : MURAL TRIBUTE TO DAISY PETERSON SWEENEY, MU inaugurates a 4th mural celebrating jazz in Little Burgundy<\/a><\/li>\n<li><a href=\"https:\/\/mumtl.org\/en\/press\/pressroom\/attachment\/mu_plateau_2018_inauguration_communique-2\/\" target=\"_blank\" rel=\"attachment noopener wp-att-12988 noreferrer\">2018-09-06 : MU inaugure une nouvelle murale sur l\u2019avenue Mont-Royal par l\u2019artiste italien Millo<\/a> (FR)<\/li>\n<li><a href=\"https:\/\/mumtl.org\/en\/press\/pressroom\/attachment\/mu_sud-ouest_2018_inauguration_communique-2\/\" target=\"_blank\" rel=\"attachment noopener wp-att-12991 noreferrer\">2018-08-21 : Une murale de l\u2019artiste Allemand Case Maclaim dans l\u2019arrondissement Le Sud-Ouest<\/a> (FR)<\/li>\n<\/ul>\n<h3><strong>Press Releases 2017<\/strong><\/h3>\n<ul>\n<li><a href=\"https:\/\/mumtl.org\/en\/press\/pressroom\/attachment\/mu_leonard-cohen_2017_communique-inauguration_f_avec-photo-2\/\" target=\"_blank\" rel=\"attachment noopener wp-att-12996 noreferrer\">2017-11-07 : MU inaugurates its 100th Mural, with a Tribute to Leonard Cohen<\/a><\/li>\n<li><a href=\"https:\/\/mumtl.org\/en\/press\/pressroom\/attachment\/mu_sud-ouest_2017_inauguration_communique-2\/\" target=\"_blank\" rel=\"attachment noopener wp-att-13001 noreferrer\">2017-09-18 : MU inaugure une nouvelle murale \u00e0 Saint-Henri par l\u2019artiste Fran\u00e7ais N\u00e9lio<\/a> (FR)<\/li>\n<li><a href=\"https:\/\/mumtl.org\/en\/press\/pressroom\/attachment\/mu_2017_vsmpe_communique_parc-de-turin_inauguration-2\/\" target=\"_blank\" rel=\"attachment noopener wp-att-13005 noreferrer\">2017-06-27 : MU lance, dans Villeray, sa saison 2017 avec un des plus grands noms de l\u2019art mural, l\u2019artiste Chilien Mono Gonzalez<\/a> (FR)<\/li>\n<\/ul>\n<h3><strong>Press Releases 2016<\/strong><\/h3>\n<ul>\n<li><a href=\"https:\/\/mumtl.org\/en\/press\/pressroom\/attachment\/mu_hq_2016_inauguration_communique_final-2\/\" target=\"_blank\" rel=\"attachment noopener wp-att-13009 noreferrer\">2016-10-12 : MU et Hydro-Qu\u00e9bec rendent hommage \u00e0 la Petite-Bourgogne<\/a>\u00a0(FR)<\/li>\n<li><a href=\"https:\/\/mumtl.org\/en\/press\/pressroom\/attachment\/2016-08-15_projet-loto-qc-rderouin-vmt_comm-2\/\" target=\"_blank\" rel=\"attachment noopener wp-att-13013 noreferrer\">2016-08-15 : Loto-Qu\u00e9bec offre un legs artistique majeur de Ren\u00e9 Derouin \u00e0 Mont-Tremblant en partenariat avec MU<\/a> (FR)<\/li>\n<li><a href=\"https:\/\/mumtl.org\/en\/press\/pressroom\/attachment\/mu_inuits_2016_communique-ang\/\" target=\"_blank\" rel=\"attachment noopener wp-att-13019 noreferrer\">2016-08-09 : MU invites young inuit artists to Montreal for the creation of a large-scale mural<\/a><\/li>\n<\/ul>\n<h3><strong>Press Releases 2015<\/strong><\/h3>\n<ul>\n<li><a href=\"https:\/\/mumtl.org\/wp-content\/uploads\/2015\/07\/MU_OMHM_2015_Inauguration_Communique_vf.pdf\" target=\"_blank\" rel=\"noopener noreferrer\">2015-07-29 : MU collabore avec l&#8217;artiste SETH pour transformer un HLM<\/a>\u00a0(FR)<\/li>\n<\/ul>\n<h3>Press Releases 2014<\/h3>\n<ul>\n<li><a href=\"https:\/\/mumtl.org\/wp-content\/uploads\/2014\/10\/MU_CHATEAUBRIAND_2014_Inauguration_Communique_FR_Images_vf.pdf\" target=\"_blank\" rel=\"noopener noreferrer\">2014-10-21 : MU change le coup d&#8217;oeil d&#8217;un parc par l&#8217;art mural<\/a> (FR)<\/li>\n<li><a href=\"https:\/\/mumtl.org\/wp-content\/uploads\/2014\/10\/MU_TREMBLAY_2014_Inauguration_Communique_FR_Images_vf.pdf\" target=\"_blank\" rel=\"noopener noreferrer\">2014-10-17 : MU dedicates a mural in tribute to Michel Tremblay<\/a> (FR)<\/li>\n<li><a href=\"http:\/\/mumtl.org\/wp-content\/uploads\/2014\/09\/MU_OLIVERJONES_2014_Inauguration_Communique_E_Images.pdf\" target=\"_blank\" rel=\"noopener noreferrer\">2014-09-09 : MU dedicates a mural in tribute to Oliver Jones <\/a>(ENG)<\/li>\n<li><a href=\"https:\/\/mumtl.org\/wp-content\/uploads\/2014\/08\/MU_VILLERAY_2014_Inauguration_communique_web.pdf\" target=\"_blank\" rel=\"noopener noreferrer\">2014-08-21 : La station de m\u00e9tro Jarry fait tourner des t\u00eates<\/a>\u00a0(FR)<\/li>\n<\/ul>\n<h3>Press Releases 2013<\/h3>\n<ul>\n<li><a href=\"http:\/\/mumtl.org\/wp-content\/uploads\/2013\/12\/MU_COMMUNIQUE_20131219_SiteWeb-Bilan2013_ENG_vf.pdf\" target=\"_blank\" rel=\"noopener noreferrer\">2013-12-19 : New website for MU murals<\/a>\u00a0(ENG)<\/li>\n<li><a href=\"https:\/\/mumtl.org\/wp-content\/uploads\/2012\/06\/MU_RDP_2013_Inauguration_Communique_20130905_vf.pdf\" target=\"_blank\" rel=\"noopener noreferrer\">2013-09-06 : MU rend hommage \u00e0 Alys Robi au cabaret Lion d&#8217;or<\/a>\u00a0(FR)<\/li>\n<li><a href=\"https:\/\/mumtl.org\/wp-content\/uploads\/2012\/06\/MU_RDP_2013_Inauguration_Communique_20130905_vf.pdf\" target=\"_blank\" rel=\"noopener noreferrer\">2013-09-05 :\u00a0<b><\/b>MU inaugure la murale\u00a0<i>Le meilleur des mondes nouveaux \u00e0\u00a0Rivi\u00e8re-des-Prairies<\/i><\/a>\u00a0(FR)<\/li>\n<li><a href=\"http:\/\/mumtl.org\/wp-content\/uploads\/2012\/06\/MU_CHAMPDEMARS_2013_Inauguration_Communique_20130905_vf.pdf\" target=\"_blank\" rel=\"noopener noreferrer\">2013-09-05 : MU souligne la concr\u00e9tisation de la murale\u00a0<em>Printemps : hommage \u00e0 Marcelle Ferron<\/em>\u00a0dans le tunnel Champs-de-Mars<\/a>\u00a0(FR)<\/li>\n<li><a href=\"https:\/\/mumtl.org\/wp-content\/uploads\/2013\/06\/Communiqu\u00e9-CHUSJ-MU-ETpsy_10-juin-2013.pdf\" target=\"_blank\" rel=\"noopener noreferrer\">2013-06-10 : MU et Espace Transition d\u00e9voilent une murale r\u00e9alis\u00e9e au CHU Sainte-Justine<\/a>\u00a0(FR)<\/li>\n<li><a href=\"https:\/\/mumtl.org\/wp-content\/uploads\/2013\/06\/MU_CHAMPDEMARS_2013_Communique_20130606_vf.pdf\" target=\"_blank\" rel=\"noopener noreferrer\">2013-06-06 : Explosion de couleurs au tunnel Champ-de-Mars (+ lancement programmation 2013 de MU)<\/a>\u00a0(FR)<\/li>\n<\/ul>\n","protected":false},"excerpt":{"rendered":"<p>Informations (medias) For media inquiries, please contact : 514 509 6877 (office) &lt;&gt; info@mumtl.org Communiqu\u00e9s 2020 2020-12-03 : MU d\u00e9voile deux murales dans VSMPE en 2020 (FR) 2020-11-16 : A Memorial Mural in Honour of Nelson Mandela 2020-11-10 : MU l\u00e8gue \u00e0 Montr\u00e9al une murale t\u00e9moin de la pand\u00e9mie du coronavirus (FR) 2020-11-02 : MU &hellip; <a href=\"https:\/\/mumtl.org\/en\/press\/pressroom\/\">Continued<\/a><\/p>\n","protected":false},"author":1,"featured_media":0,"parent":159,"menu_order":0,"comment_status":"open","ping_status":"closed","template":"","meta":{"_acf_changed":false,"footnotes":""},"class_list":["post-167","page","type-page","status-publish","hentry"],"acf":[],"yoast_head":"<!-- This site is optimized with the Yoast SEO plugin v27.2 - https:\/\/yoast.com\/product\/yoast-seo-wordpress\/ -->\n<title>MU &#187; Pressroom<\/title>\n<meta name=\"robots\" content=\"index, follow, max-snippet:-1, max-image-preview:large, max-video-preview:-1\" \/>\n<link rel=\"canonical\" href=\"https:\/\/mumtl.org\/en\/press\/pressroom\/\" \/>\n<meta property=\"og:locale\" content=\"en_US\" \/>\n<meta property=\"og:type\" content=\"article\" \/>\n<meta property=\"og:title\" content=\"MU &#187; Pressroom\" \/>\n<meta property=\"og:description\" content=\"Informations (medias) For media inquiries, please contact : 514 509 6877 (office) &lt;&gt; info@mumtl.org Communiqu\u00e9s 2020 2020-12-03 : MU d\u00e9voile deux murales dans VSMPE en 2020 (FR) 2020-11-16 : A Memorial Mural in Honour of Nelson Mandela 2020-11-10 : MU l\u00e8gue \u00e0 Montr\u00e9al une murale t\u00e9moin de la pand\u00e9mie du coronavirus (FR) 2020-11-02 : MU &hellip; Continued\" \/>\n<meta property=\"og:url\" content=\"https:\/\/mumtl.org\/en\/press\/pressroom\/\" \/>\n<meta property=\"og:site_name\" content=\"MU\" \/>\n<meta property=\"article:modified_time\" content=\"2021-03-29T14:36:45+00:00\" \/>\n<meta property=\"og:image\" content=\"https:\/\/mumtl.org\/wp-content\/uploads\/2012\/11\/MU_PROVOQUEZLAPAIX_2011_08_creditsphotoSTEPHANECOCKE.jpg\" \/>\n\t<meta property=\"og:image:width\" content=\"1280\" \/>\n\t<meta property=\"og:image:height\" content=\"853\" \/>\n\t<meta property=\"og:image:type\" content=\"image\/jpeg\" \/>\n<meta name=\"twitter:card\" content=\"summary_large_image\" \/>\n<meta name=\"twitter:label1\" content=\"Est. reading time\" \/>\n\t<meta name=\"twitter:data1\" content=\"2 minutes\" \/>\n<script type=\"application\/ld+json\" class=\"yoast-schema-graph\">{\"@context\":\"https:\/\/schema.org\",\"@graph\":[{\"@type\":\"WebPage\",\"@id\":\"https:\/\/mumtl.org\/en\/press\/pressroom\/\",\"url\":\"https:\/\/mumtl.org\/en\/press\/pressroom\/\",\"name\":\"MU &#187; Pressroom\",\"isPartOf\":{\"@id\":\"https:\/\/mumtl.org\/#website\"},\"datePublished\":\"2012-06-17T22:28:11+00:00\",\"dateModified\":\"2021-03-29T14:36:45+00:00\",\"breadcrumb\":{\"@id\":\"https:\/\/mumtl.org\/en\/press\/pressroom\/#breadcrumb\"},\"inLanguage\":\"en-US\",\"potentialAction\":[{\"@type\":\"ReadAction\",\"target\":[\"https:\/\/mumtl.org\/en\/press\/pressroom\/\"]}]},{\"@type\":\"BreadcrumbList\",\"@id\":\"https:\/\/mumtl.org\/en\/press\/pressroom\/#breadcrumb\",\"itemListElement\":[{\"@type\":\"ListItem\",\"position\":1,\"name\":\"Accueil\",\"item\":\"https:\/\/mumtl.org\/en\/\"},{\"@type\":\"ListItem\",\"position\":2,\"name\":\"Press\",\"item\":\"https:\/\/mumtl.org\/en\/press\/\"},{\"@type\":\"ListItem\",\"position\":3,\"name\":\"Pressroom\"}]},{\"@type\":\"WebSite\",\"@id\":\"https:\/\/mumtl.org\/#website\",\"url\":\"https:\/\/mumtl.org\/\",\"name\":\"MU\",\"description\":\"R\u00e9alisation de murales \u00e0 Montr\u00e9al \/ Murals creation in Montreal\",\"potentialAction\":[{\"@type\":\"SearchAction\",\"target\":{\"@type\":\"EntryPoint\",\"urlTemplate\":\"https:\/\/mumtl.org\/?s={search_term_string}\"},\"query-input\":{\"@type\":\"PropertyValueSpecification\",\"valueRequired\":true,\"valueName\":\"search_term_string\"}}],\"inLanguage\":\"en-US\"}]}<\/script>\n<!-- \/ Yoast SEO plugin. -->","yoast_head_json":{"title":"MU &#187; Pressroom","robots":{"index":"index","follow":"follow","max-snippet":"max-snippet:-1","max-image-preview":"max-image-preview:large","max-video-preview":"max-video-preview:-1"},"canonical":"https:\/\/mumtl.org\/en\/press\/pressroom\/","og_locale":"en_US","og_type":"article","og_title":"MU &#187; Pressroom","og_description":"Informations (medias) For media inquiries, please contact : 514 509 6877 (office) &lt;&gt; info@mumtl.org Communiqu\u00e9s 2020 2020-12-03 : MU d\u00e9voile deux murales dans VSMPE en 2020 (FR) 2020-11-16 : A Memorial Mural in Honour of Nelson Mandela 2020-11-10 : MU l\u00e8gue \u00e0 Montr\u00e9al une murale t\u00e9moin de la pand\u00e9mie du coronavirus (FR) 2020-11-02 : MU &hellip; Continued","og_url":"https:\/\/mumtl.org\/en\/press\/pressroom\/","og_site_name":"MU","article_modified_time":"2021-03-29T14:36:45+00:00","og_image":[{"width":1280,"height":853,"url":"https:\/\/mumtl.org\/wp-content\/uploads\/2012\/11\/MU_PROVOQUEZLAPAIX_2011_08_creditsphotoSTEPHANECOCKE.jpg","type":"image\/jpeg"}],"twitter_card":"summary_large_image","twitter_misc":{"Est. reading time":"2 minutes"},"schema":{"@context":"https:\/\/schema.org","@graph":[{"@type":"WebPage","@id":"https:\/\/mumtl.org\/en\/press\/pressroom\/","url":"https:\/\/mumtl.org\/en\/press\/pressroom\/","name":"MU &#187; Pressroom","isPartOf":{"@id":"https:\/\/mumtl.org\/#website"},"datePublished":"2012-06-17T22:28:11+00:00","dateModified":"2021-03-29T14:36:45+00:00","breadcrumb":{"@id":"https:\/\/mumtl.org\/en\/press\/pressroom\/#breadcrumb"},"inLanguage":"en-US","potentialAction":[{"@type":"ReadAction","target":["https:\/\/mumtl.org\/en\/press\/pressroom\/"]}]},{"@type":"BreadcrumbList","@id":"https:\/\/mumtl.org\/en\/press\/pressroom\/#breadcrumb","itemListElement":[{"@type":"ListItem","position":1,"name":"Accueil","item":"https:\/\/mumtl.org\/en\/"},{"@type":"ListItem","position":2,"name":"Press","item":"https:\/\/mumtl.org\/en\/press\/"},{"@type":"ListItem","position":3,"name":"Pressroom"}]},{"@type":"WebSite","@id":"https:\/\/mumtl.org\/#website","url":"https:\/\/mumtl.org\/","name":"MU","description":"R\u00e9alisation de murales \u00e0 Montr\u00e9al \/ Murals creation in Montreal","potentialAction":[{"@type":"SearchAction","target":{"@type":"EntryPoint","urlTemplate":"https:\/\/mumtl.org\/?s={search_term_string}"},"query-input":{"@type":"PropertyValueSpecification","valueRequired":true,"valueName":"search_term_string"}}],"inLanguage":"en-US"}]}},"_links":{"self":[{"href":"https:\/\/mumtl.org\/en\/wp-json\/wp\/v2\/pages\/167","targetHints":{"allow":["GET"]}}],"collection":[{"href":"https:\/\/mumtl.org\/en\/wp-json\/wp\/v2\/pages"}],"about":[{"href":"https:\/\/mumtl.org\/en\/wp-json\/wp\/v2\/types\/page"}],"author":[{"embeddable":true,"href":"https:\/\/mumtl.org\/en\/wp-json\/wp\/v2\/users\/1"}],"replies":[{"embeddable":true,"href":"https:\/\/mumtl.org\/en\/wp-json\/wp\/v2\/comments?post=167"}],"version-history":[{"count":29,"href":"https:\/\/mumtl.org\/en\/wp-json\/wp\/v2\/pages\/167\/revisions"}],"predecessor-version":[{"id":15488,"href":"https:\/\/mumtl.org\/en\/wp-json\/wp\/v2\/pages\/167\/revisions\/15488"}],"up":[{"embeddable":true,"href":"https:\/\/mumtl.org\/en\/wp-json\/wp\/v2\/pages\/159"}],"wp:attachment":[{"href":"https:\/\/mumtl.org\/en\/wp-json\/wp\/v2\/media?parent=167"}],"curies":[{"name":"wp","href":"https:\/\/api.w.org\/{rel}","templated":true}]}}