{"id":172,"date":"2012-06-17T22:41:56","date_gmt":"2012-06-17T22:41:56","guid":{"rendered":"http:\/\/mumtl.org\/?page_id=172"},"modified":"2017-11-03T13:17:48","modified_gmt":"2017-11-03T13:17:48","slug":"publications","status":"publish","type":"page","link":"https:\/\/mumtl.org\/en\/about-us\/publications\/","title":{"rendered":"Publications"},"content":{"rendered":"<p>&nbsp;<\/p>\n<h2>Public Consultations &#8211; Written Submissions<\/h2>\n<ul>\n<li><a href=\"https:\/\/mumtl.org\/wp-content\/uploads\/2013\/06\/MU_M\u00e9moire_2009_Art-public.pdf\" target=\"_blank\">Public Art &#8211; 2009 (FR)<\/a><\/li>\n<li><a href=\"https:\/\/mumtl.org\/wp-content\/uploads\/2013\/06\/MU_M\u00e9moire_2010_Propret\u00e9.pdf\" target=\"_blank\">Murals, a trigger for a cleanliness process &#8211; 2010 (FR)<\/a><\/li>\n<li><a href=\"https:\/\/mumtl.org\/wp-content\/uploads\/2013\/06\/MU_M\u00e9moire_2011_Quartiers-culturels.pdf\" target=\"_blank\">Murals, cultural quarters pillars &#8211; 2011 (FR)<\/a><\/li>\n<li><a href=\"https:\/\/mumtl.org\/wp-content\/uploads\/2013\/06\/MU_Memoire_2012_PPU_QL_vf.pdf\" target=\"_blank\">Quartier latin &#8211; 2012 (FR)<\/a><\/li>\n<\/ul>\n<h2>Promotional Brochures<\/h2>\n<ul>\n<li><span style=\"line-height: 13px;\"><a href=\"https:\/\/mumtl.org\/wp-content\/uploads\/2013\/06\/MU_Depliant_2012.pdf\" target=\"_blank\">Brochure &#8211; 2012 (FR)<\/a><\/span><\/li>\n<\/ul>\n<h2>Books<\/h2>\n<p>MU murals are highlighted in the following publications:<\/p>\n<ul>\n<li><i><\/i><em><a href=\"http:\/\/www.iqe.qc.ca\/en\/?page_id=2101\" target=\"_blank\">The Village and the Faubourgs<\/a>\u00a0<\/em>(<em>Marcher Montr\u00e9al avec un artiste<\/em> collection &#8211; Lamotte, Mado)\u00a0(Isabelle Quentin editor (Sgr\u00e4ff), 2014);<\/li>\n<li><a href=\"http:\/\/www.ulyssesguides.com\/catalogue\/FicheProduit.aspx?n=Guide-du-Montreal-creatif&amp;isbn=9782894645994\" target=\"_blank\"><i>Guide to Creative Montreal<\/i><\/a>(Ulysse 2013);<\/li>\n<li><em><a href=\"http:\/\/www.amazon.ca\/Mural-Art-Volume-Surfaces-Graffiti\/dp\/3939566276\/ref=pd_sim_b_1\" target=\"_blank\">Mural Art, Volume 2: Murals on Huge Public Surfaces Around the World from Graffiti to Trompe L&#8217;Oeil<\/a>\u00a0<\/em><i>(<\/i>Publikat, Athens);<\/li>\n<li><a href=\"http:\/\/www.amazon.ca\/gp\/switch-language\/product\/3939566284\/ref=topnav_switchLang?ie=UTF8&amp;language=en_CA&amp;qid=1370897063&amp;s=books&amp;sr=1-1\" target=\"_blank\"><em>Mural Art, Vol. 3: Murals on Huge Public Surfaces Around the World from Graffiti to Trompe L&#8217;Oeil<\/em>\u00a0<\/a>(Publikat, Athens);<\/li>\n<li><i>Coup d\u2019oeil du plan d\u2019action 2007-2017 Montr\u00e9al, m\u00e9tropole culturelle<\/i>\u00a0(<a href=\"http:\/\/montrealmetropoleculturelle.org\/pls\/portal\/docs\/page\/pa0717_en\/media\/documents\/mmc2011_ang.pdf\" target=\"_blank\">2011<\/a>\u00a0and\u00a0<a href=\"http:\/\/montrealmetropoleculturelle.org\/pls\/portal\/docs\/page\/pa0717_en\/media\/documents\/at_a_glance2012.pdf\" target=\"_blank\">2012<\/a>\u00a0editions).<\/li>\n<\/ul>\n","protected":false},"excerpt":{"rendered":"<p>&nbsp; Public Consultations &#8211; Written Submissions Public Art &#8211; 2009 (FR) Murals, a trigger for a cleanliness process &#8211; 2010 (FR) Murals, cultural quarters pillars &#8211; 2011 (FR) Quartier latin &#8211; 2012 (FR) Promotional Brochures Brochure &#8211; 2012 (FR) Books MU murals are highlighted in the following publications: The Village and the Faubourgs\u00a0(Marcher Montr\u00e9al avec &hellip; <a href=\"https:\/\/mumtl.org\/en\/about-us\/publications\/\">Continued<\/a><\/p>\n","protected":false},"author":1,"featured_media":6155,"parent":107,"menu_order":0,"comment_status":"open","ping_status":"closed","template":"","meta":{"_acf_changed":false,"footnotes":""},"class_list":["post-172","page","type-page","status-publish","has-post-thumbnail","hentry"],"acf":[],"yoast_head":"<!-- This site is optimized with the Yoast SEO plugin v27.2 - https:\/\/yoast.com\/product\/yoast-seo-wordpress\/ -->\n<title>MU &#187; Publications<\/title>\n<meta name=\"robots\" content=\"index, follow, max-snippet:-1, max-image-preview:large, max-video-preview:-1\" \/>\n<link rel=\"canonical\" href=\"https:\/\/mumtl.org\/en\/about-us\/publications\/\" \/>\n<meta property=\"og:locale\" content=\"en_US\" \/>\n<meta property=\"og:type\" content=\"article\" \/>\n<meta property=\"og:title\" content=\"MU &#187; Publications\" \/>\n<meta property=\"og:description\" content=\"&nbsp; Public Consultations &#8211; Written Submissions Public Art &#8211; 2009 (FR) Murals, a trigger for a cleanliness process &#8211; 2010 (FR) Murals, cultural quarters pillars &#8211; 2011 (FR) Quartier latin &#8211; 2012 (FR) Promotional Brochures Brochure &#8211; 2012 (FR) Books MU murals are highlighted in the following publications: The Village and the Faubourgs\u00a0(Marcher Montr\u00e9al avec &hellip; Continued\" \/>\n<meta property=\"og:url\" content=\"https:\/\/mumtl.org\/en\/about-us\/publications\/\" \/>\n<meta property=\"og:site_name\" content=\"MU\" \/>\n<meta property=\"article:modified_time\" content=\"2017-11-03T13:17:48+00:00\" \/>\n<meta property=\"og:image\" content=\"https:\/\/mumtl.org\/wp-content\/uploads\/2012\/11\/MU_MANIFESTEAPAULEMILEBORDUAS_2010_11_creditsphotoEMMANUELJOLY1.jpg\" \/>\n\t<meta property=\"og:image:width\" content=\"1280\" \/>\n\t<meta property=\"og:image:height\" content=\"852\" \/>\n\t<meta property=\"og:image:type\" content=\"image\/jpeg\" \/>\n<meta name=\"twitter:card\" content=\"summary_large_image\" \/>\n<meta name=\"twitter:label1\" content=\"Est. reading time\" \/>\n\t<meta name=\"twitter:data1\" content=\"1 minute\" \/>\n<script type=\"application\/ld+json\" class=\"yoast-schema-graph\">{\"@context\":\"https:\/\/schema.org\",\"@graph\":[{\"@type\":\"WebPage\",\"@id\":\"https:\/\/mumtl.org\/en\/about-us\/publications\/\",\"url\":\"https:\/\/mumtl.org\/en\/about-us\/publications\/\",\"name\":\"MU &#187; Publications\",\"isPartOf\":{\"@id\":\"https:\/\/mumtl.org\/#website\"},\"primaryImageOfPage\":{\"@id\":\"https:\/\/mumtl.org\/en\/about-us\/publications\/#primaryimage\"},\"image\":{\"@id\":\"https:\/\/mumtl.org\/en\/about-us\/publications\/#primaryimage\"},\"thumbnailUrl\":\"https:\/\/mumtl.org\/wp-content\/uploads\/2012\/11\/MU_MANIFESTEAPAULEMILEBORDUAS_2010_11_creditsphotoEMMANUELJOLY1.jpg\",\"datePublished\":\"2012-06-17T22:41:56+00:00\",\"dateModified\":\"2017-11-03T13:17:48+00:00\",\"breadcrumb\":{\"@id\":\"https:\/\/mumtl.org\/en\/about-us\/publications\/#breadcrumb\"},\"inLanguage\":\"en-US\",\"potentialAction\":[{\"@type\":\"ReadAction\",\"target\":[\"https:\/\/mumtl.org\/en\/about-us\/publications\/\"]}]},{\"@type\":\"ImageObject\",\"inLanguage\":\"en-US\",\"@id\":\"https:\/\/mumtl.org\/en\/about-us\/publications\/#primaryimage\",\"url\":\"https:\/\/mumtl.org\/wp-content\/uploads\/2012\/11\/MU_MANIFESTEAPAULEMILEBORDUAS_2010_11_creditsphotoEMMANUELJOLY1.jpg\",\"contentUrl\":\"https:\/\/mumtl.org\/wp-content\/uploads\/2012\/11\/MU_MANIFESTEAPAULEMILEBORDUAS_2010_11_creditsphotoEMMANUELJOLY1.jpg\",\"width\":1280,\"height\":852},{\"@type\":\"BreadcrumbList\",\"@id\":\"https:\/\/mumtl.org\/en\/about-us\/publications\/#breadcrumb\",\"itemListElement\":[{\"@type\":\"ListItem\",\"position\":1,\"name\":\"Accueil\",\"item\":\"https:\/\/mumtl.org\/en\/\"},{\"@type\":\"ListItem\",\"position\":2,\"name\":\"About Us\",\"item\":\"https:\/\/mumtl.org\/en\/about-us\/\"},{\"@type\":\"ListItem\",\"position\":3,\"name\":\"Publications\"}]},{\"@type\":\"WebSite\",\"@id\":\"https:\/\/mumtl.org\/#website\",\"url\":\"https:\/\/mumtl.org\/\",\"name\":\"MU\",\"description\":\"R\u00e9alisation de murales \u00e0 Montr\u00e9al \/ Murals creation in Montreal\",\"potentialAction\":[{\"@type\":\"SearchAction\",\"target\":{\"@type\":\"EntryPoint\",\"urlTemplate\":\"https:\/\/mumtl.org\/?s={search_term_string}\"},\"query-input\":{\"@type\":\"PropertyValueSpecification\",\"valueRequired\":true,\"valueName\":\"search_term_string\"}}],\"inLanguage\":\"en-US\"}]}<\/script>\n<!-- \/ Yoast SEO plugin. -->","yoast_head_json":{"title":"MU &#187; Publications","robots":{"index":"index","follow":"follow","max-snippet":"max-snippet:-1","max-image-preview":"max-image-preview:large","max-video-preview":"max-video-preview:-1"},"canonical":"https:\/\/mumtl.org\/en\/about-us\/publications\/","og_locale":"en_US","og_type":"article","og_title":"MU &#187; Publications","og_description":"&nbsp; Public Consultations &#8211; Written Submissions Public Art &#8211; 2009 (FR) Murals, a trigger for a cleanliness process &#8211; 2010 (FR) Murals, cultural quarters pillars &#8211; 2011 (FR) Quartier latin &#8211; 2012 (FR) Promotional Brochures Brochure &#8211; 2012 (FR) Books MU murals are highlighted in the following publications: The Village and the Faubourgs\u00a0(Marcher Montr\u00e9al avec &hellip; Continued","og_url":"https:\/\/mumtl.org\/en\/about-us\/publications\/","og_site_name":"MU","article_modified_time":"2017-11-03T13:17:48+00:00","og_image":[{"width":1280,"height":852,"url":"https:\/\/mumtl.org\/wp-content\/uploads\/2012\/11\/MU_MANIFESTEAPAULEMILEBORDUAS_2010_11_creditsphotoEMMANUELJOLY1.jpg","type":"image\/jpeg"}],"twitter_card":"summary_large_image","twitter_misc":{"Est. reading time":"1 minute"},"schema":{"@context":"https:\/\/schema.org","@graph":[{"@type":"WebPage","@id":"https:\/\/mumtl.org\/en\/about-us\/publications\/","url":"https:\/\/mumtl.org\/en\/about-us\/publications\/","name":"MU &#187; Publications","isPartOf":{"@id":"https:\/\/mumtl.org\/#website"},"primaryImageOfPage":{"@id":"https:\/\/mumtl.org\/en\/about-us\/publications\/#primaryimage"},"image":{"@id":"https:\/\/mumtl.org\/en\/about-us\/publications\/#primaryimage"},"thumbnailUrl":"https:\/\/mumtl.org\/wp-content\/uploads\/2012\/11\/MU_MANIFESTEAPAULEMILEBORDUAS_2010_11_creditsphotoEMMANUELJOLY1.jpg","datePublished":"2012-06-17T22:41:56+00:00","dateModified":"2017-11-03T13:17:48+00:00","breadcrumb":{"@id":"https:\/\/mumtl.org\/en\/about-us\/publications\/#breadcrumb"},"inLanguage":"en-US","potentialAction":[{"@type":"ReadAction","target":["https:\/\/mumtl.org\/en\/about-us\/publications\/"]}]},{"@type":"ImageObject","inLanguage":"en-US","@id":"https:\/\/mumtl.org\/en\/about-us\/publications\/#primaryimage","url":"https:\/\/mumtl.org\/wp-content\/uploads\/2012\/11\/MU_MANIFESTEAPAULEMILEBORDUAS_2010_11_creditsphotoEMMANUELJOLY1.jpg","contentUrl":"https:\/\/mumtl.org\/wp-content\/uploads\/2012\/11\/MU_MANIFESTEAPAULEMILEBORDUAS_2010_11_creditsphotoEMMANUELJOLY1.jpg","width":1280,"height":852},{"@type":"BreadcrumbList","@id":"https:\/\/mumtl.org\/en\/about-us\/publications\/#breadcrumb","itemListElement":[{"@type":"ListItem","position":1,"name":"Accueil","item":"https:\/\/mumtl.org\/en\/"},{"@type":"ListItem","position":2,"name":"About Us","item":"https:\/\/mumtl.org\/en\/about-us\/"},{"@type":"ListItem","position":3,"name":"Publications"}]},{"@type":"WebSite","@id":"https:\/\/mumtl.org\/#website","url":"https:\/\/mumtl.org\/","name":"MU","description":"R\u00e9alisation de murales \u00e0 Montr\u00e9al \/ Murals creation in Montreal","potentialAction":[{"@type":"SearchAction","target":{"@type":"EntryPoint","urlTemplate":"https:\/\/mumtl.org\/?s={search_term_string}"},"query-input":{"@type":"PropertyValueSpecification","valueRequired":true,"valueName":"search_term_string"}}],"inLanguage":"en-US"}]}},"_links":{"self":[{"href":"https:\/\/mumtl.org\/en\/wp-json\/wp\/v2\/pages\/172","targetHints":{"allow":["GET"]}}],"collection":[{"href":"https:\/\/mumtl.org\/en\/wp-json\/wp\/v2\/pages"}],"about":[{"href":"https:\/\/mumtl.org\/en\/wp-json\/wp\/v2\/types\/page"}],"author":[{"embeddable":true,"href":"https:\/\/mumtl.org\/en\/wp-json\/wp\/v2\/users\/1"}],"replies":[{"embeddable":true,"href":"https:\/\/mumtl.org\/en\/wp-json\/wp\/v2\/comments?post=172"}],"version-history":[{"count":0,"href":"https:\/\/mumtl.org\/en\/wp-json\/wp\/v2\/pages\/172\/revisions"}],"up":[{"embeddable":true,"href":"https:\/\/mumtl.org\/en\/wp-json\/wp\/v2\/pages\/107"}],"wp:featuredmedia":[{"embeddable":true,"href":"https:\/\/mumtl.org\/en\/wp-json\/wp\/v2\/media\/6155"}],"wp:attachment":[{"href":"https:\/\/mumtl.org\/en\/wp-json\/wp\/v2\/media?parent=172"}],"curies":[{"name":"wp","href":"https:\/\/api.w.org\/{rel}","templated":true}]}}