{"id":2049,"date":"2012-12-07T14:49:26","date_gmt":"2012-12-07T14:49:26","guid":{"rendered":"http:\/\/mumtl.org\/?page_id=2049"},"modified":"2024-03-19T17:45:54","modified_gmt":"2024-03-19T17:45:54","slug":"schools-youth-organizations","status":"publish","type":"page","link":"https:\/\/mumtl.org\/en\/participate\/schools-youth-organizations\/","title":{"rendered":"Schools + Youth Organizations"},"content":{"rendered":"<p>In order to promote student retention, MU&#8217;s youth programming includes mural art workshops that expose students to professions related to the arts.\u00a0These first forays into the realm of mural arts allow kids to discover the history of murals and to be guided through an artistic experience culminating in a collective work of art. Through these programs, the participants come to appreciate the visual arts as a unique and significant means of self-expression while discovering arts-related trades, meeting diverse artists and acquiring related skills.<\/p>\n<p>MU\u2019s youth programs are threefold:<\/p>\n<h3><strong>\u00a0Extracurricular program: <i>Laisse ta trace\/Leave a Mark<\/i><\/strong><\/h3>\n<p>Initiated by MU in 2010 in partnership with the Commission scolaire de Montr\u00e9al, <b><i>Laisse ta trace\/Leave a Mark <\/i><\/b>is a four-month mural arts program offered to secondary V students as a weekly extracurricular activity, just like a yearbook or grad committee. In the short term, the program gives the graduates a chance to leave their mark on their high school in the form of a public art project, but more importantly, through interactions with artists and cultural workers (ex. gallery owners, graphic designers, photographers, videogame visual designer, illustrator, etc.), it allows them to discover arts-related trades that are often undervalued and marginalized.<\/p>\n<p>Under the supervision and mentoring of an artist\/mediator, the students focus their creative efforts on artistic experimentation, which leads to the production of a collective mural in their school. With the added visit to a gallery and a guided tour of city murals, they get the opportunity to discover their urban environment in a different light. Moreover, the program enables students to develop important lifelong skills throughout the mural-making process (presentation of the design to school administrators, setting-up of exhibit to present their work, etc.)<\/p>\n<h3><b>Class workshops<\/b> turnkey service<\/h3>\n<p>MU offers mural arts workshops based on the specific needs of elementary and secondary schools. These workshops are both hands-on and theoretical and can lead to the production of a collective mural on panels or directly on the walls of a school. A combination of techniques and media are possible, such as stenciling, grid drawing, cutting and laying of mosaic tiles, etc. By taking part in the conceptual and creative processes, either individually or collectively, students acquire different skills and are encouraged to reflect on the social relevance of public art and their own appreciation of the visual arts. Prior to experimenting and creating, we cover a history of murals spanning from the wall paintings of the Lascaux caves to modern-day tags in order to fuel discussions on graffiti and public art. MU will provide all necessary materials. Workshops are offered at a cost of $325 per workshop (excluding cost of materials and transportation).<\/p>\n<p>MU is registered in the provincial directory for the <a href=\"http:\/\/www.education.gouv.qc.ca\/en\/teachers\/dossiers\/culture-education\/culture-in-the-schools-program\/\" target=\"_blank\" rel=\"noopener noreferrer\"><b><i>Culture in the Schools<\/i><\/b><\/a> program which makes financial assistance available to school administrators and teachers to support the organization of arts and culture projects at school.<\/p>\n<h3><b>Youth Group Workshops <\/b><\/h3>\n<p>As part of each of its mural projects, MU partners with a local youth organization to offer a series of mural arts workshops to resident kids. In addition to interacting with the mural artist, the group has the opportunity to take part in the beautification of their neighborhood by producing their own mural (interior or exterior).<\/p>\n","protected":false},"excerpt":{"rendered":"<p>In order to promote student retention, MU&#8217;s youth programming includes mural art workshops that expose students to professions related to the arts.\u00a0These first forays into the realm of mural arts allow kids to discover the history of murals and to be guided through an artistic experience culminating in a collective work of art. Through these &hellip; <a href=\"https:\/\/mumtl.org\/en\/participate\/schools-youth-organizations\/\">Continued<\/a><\/p>\n","protected":false},"author":1,"featured_media":4350,"parent":139,"menu_order":0,"comment_status":"open","ping_status":"closed","template":"","meta":{"_acf_changed":false,"footnotes":""},"class_list":["post-2049","page","type-page","status-publish","has-post-thumbnail","hentry"],"acf":[],"yoast_head":"<!-- This site is optimized with the Yoast SEO plugin v27.4 - https:\/\/yoast.com\/product\/yoast-seo-wordpress\/ -->\n<title>MU &#187; Schools + Youth Organizations<\/title>\n<meta name=\"robots\" content=\"index, follow, max-snippet:-1, max-image-preview:large, max-video-preview:-1\" \/>\n<link rel=\"canonical\" href=\"https:\/\/mumtl.org\/en\/participate\/schools-youth-organizations\/\" \/>\n<meta property=\"og:locale\" content=\"en_US\" \/>\n<meta property=\"og:type\" content=\"article\" \/>\n<meta property=\"og:title\" content=\"MU &#187; Schools + Youth Organizations\" \/>\n<meta property=\"og:description\" content=\"In order to promote student retention, MU&#8217;s youth programming includes mural art workshops that expose students to professions related to the arts.\u00a0These first forays into the realm of mural arts allow kids to discover the history of murals and to be guided through an artistic experience culminating in a collective work of art. Through these &hellip; Continued\" \/>\n<meta property=\"og:url\" content=\"https:\/\/mumtl.org\/en\/participate\/schools-youth-organizations\/\" \/>\n<meta property=\"og:site_name\" content=\"MU\" \/>\n<meta property=\"article:modified_time\" content=\"2024-03-19T17:45:54+00:00\" \/>\n<meta property=\"og:image\" content=\"https:\/\/mumtl.org\/wp-content\/uploads\/2013\/12\/MU_LTT_2011_RealisationMurale_creditsSTEPHANIEGAUDET_07_M.jpg\" \/>\n\t<meta property=\"og:image:width\" content=\"1000\" \/>\n\t<meta property=\"og:image:height\" content=\"750\" \/>\n\t<meta property=\"og:image:type\" content=\"image\/jpeg\" \/>\n<meta name=\"twitter:card\" content=\"summary_large_image\" \/>\n<meta name=\"twitter:label1\" content=\"Est. reading time\" \/>\n\t<meta name=\"twitter:data1\" content=\"3 minutes\" \/>\n<script type=\"application\/ld+json\" class=\"yoast-schema-graph\">{\"@context\":\"https:\\\/\\\/schema.org\",\"@graph\":[{\"@type\":\"WebPage\",\"@id\":\"https:\\\/\\\/mumtl.org\\\/en\\\/participate\\\/schools-youth-organizations\\\/\",\"url\":\"https:\\\/\\\/mumtl.org\\\/en\\\/participate\\\/schools-youth-organizations\\\/\",\"name\":\"MU &#187; Schools + Youth Organizations\",\"isPartOf\":{\"@id\":\"https:\\\/\\\/mumtl.org\\\/#website\"},\"primaryImageOfPage\":{\"@id\":\"https:\\\/\\\/mumtl.org\\\/en\\\/participate\\\/schools-youth-organizations\\\/#primaryimage\"},\"image\":{\"@id\":\"https:\\\/\\\/mumtl.org\\\/en\\\/participate\\\/schools-youth-organizations\\\/#primaryimage\"},\"thumbnailUrl\":\"https:\\\/\\\/mumtl.org\\\/wp-content\\\/uploads\\\/2013\\\/12\\\/MU_LTT_2011_RealisationMurale_creditsSTEPHANIEGAUDET_07_M.jpg\",\"datePublished\":\"2012-12-07T14:49:26+00:00\",\"dateModified\":\"2024-03-19T17:45:54+00:00\",\"breadcrumb\":{\"@id\":\"https:\\\/\\\/mumtl.org\\\/en\\\/participate\\\/schools-youth-organizations\\\/#breadcrumb\"},\"inLanguage\":\"en-US\",\"potentialAction\":[{\"@type\":\"ReadAction\",\"target\":[\"https:\\\/\\\/mumtl.org\\\/en\\\/participate\\\/schools-youth-organizations\\\/\"]}]},{\"@type\":\"ImageObject\",\"inLanguage\":\"en-US\",\"@id\":\"https:\\\/\\\/mumtl.org\\\/en\\\/participate\\\/schools-youth-organizations\\\/#primaryimage\",\"url\":\"https:\\\/\\\/mumtl.org\\\/wp-content\\\/uploads\\\/2013\\\/12\\\/MU_LTT_2011_RealisationMurale_creditsSTEPHANIEGAUDET_07_M.jpg\",\"contentUrl\":\"https:\\\/\\\/mumtl.org\\\/wp-content\\\/uploads\\\/2013\\\/12\\\/MU_LTT_2011_RealisationMurale_creditsSTEPHANIEGAUDET_07_M.jpg\",\"width\":1000,\"height\":750},{\"@type\":\"BreadcrumbList\",\"@id\":\"https:\\\/\\\/mumtl.org\\\/en\\\/participate\\\/schools-youth-organizations\\\/#breadcrumb\",\"itemListElement\":[{\"@type\":\"ListItem\",\"position\":1,\"name\":\"Accueil\",\"item\":\"https:\\\/\\\/mumtl.org\\\/en\\\/\"},{\"@type\":\"ListItem\",\"position\":2,\"name\":\"Participate\",\"item\":\"https:\\\/\\\/mumtl.org\\\/en\\\/participate\\\/\"},{\"@type\":\"ListItem\",\"position\":3,\"name\":\"Schools + Youth Organizations\"}]},{\"@type\":\"WebSite\",\"@id\":\"https:\\\/\\\/mumtl.org\\\/#website\",\"url\":\"https:\\\/\\\/mumtl.org\\\/\",\"name\":\"MU\",\"description\":\"R\u00e9alisation de murales \u00e0 Montr\u00e9al \\\/ Murals creation in Montreal\",\"potentialAction\":[{\"@type\":\"SearchAction\",\"target\":{\"@type\":\"EntryPoint\",\"urlTemplate\":\"https:\\\/\\\/mumtl.org\\\/?s={search_term_string}\"},\"query-input\":{\"@type\":\"PropertyValueSpecification\",\"valueRequired\":true,\"valueName\":\"search_term_string\"}}],\"inLanguage\":\"en-US\"}]}<\/script>\n<!-- \/ Yoast SEO plugin. -->","yoast_head_json":{"title":"MU &#187; Schools + Youth Organizations","robots":{"index":"index","follow":"follow","max-snippet":"max-snippet:-1","max-image-preview":"max-image-preview:large","max-video-preview":"max-video-preview:-1"},"canonical":"https:\/\/mumtl.org\/en\/participate\/schools-youth-organizations\/","og_locale":"en_US","og_type":"article","og_title":"MU &#187; Schools + Youth Organizations","og_description":"In order to promote student retention, MU&#8217;s youth programming includes mural art workshops that expose students to professions related to the arts.\u00a0These first forays into the realm of mural arts allow kids to discover the history of murals and to be guided through an artistic experience culminating in a collective work of art. Through these &hellip; Continued","og_url":"https:\/\/mumtl.org\/en\/participate\/schools-youth-organizations\/","og_site_name":"MU","article_modified_time":"2024-03-19T17:45:54+00:00","og_image":[{"width":1000,"height":750,"url":"https:\/\/mumtl.org\/wp-content\/uploads\/2013\/12\/MU_LTT_2011_RealisationMurale_creditsSTEPHANIEGAUDET_07_M.jpg","type":"image\/jpeg"}],"twitter_card":"summary_large_image","twitter_misc":{"Est. reading time":"3 minutes"},"schema":{"@context":"https:\/\/schema.org","@graph":[{"@type":"WebPage","@id":"https:\/\/mumtl.org\/en\/participate\/schools-youth-organizations\/","url":"https:\/\/mumtl.org\/en\/participate\/schools-youth-organizations\/","name":"MU &#187; Schools + Youth Organizations","isPartOf":{"@id":"https:\/\/mumtl.org\/#website"},"primaryImageOfPage":{"@id":"https:\/\/mumtl.org\/en\/participate\/schools-youth-organizations\/#primaryimage"},"image":{"@id":"https:\/\/mumtl.org\/en\/participate\/schools-youth-organizations\/#primaryimage"},"thumbnailUrl":"https:\/\/mumtl.org\/wp-content\/uploads\/2013\/12\/MU_LTT_2011_RealisationMurale_creditsSTEPHANIEGAUDET_07_M.jpg","datePublished":"2012-12-07T14:49:26+00:00","dateModified":"2024-03-19T17:45:54+00:00","breadcrumb":{"@id":"https:\/\/mumtl.org\/en\/participate\/schools-youth-organizations\/#breadcrumb"},"inLanguage":"en-US","potentialAction":[{"@type":"ReadAction","target":["https:\/\/mumtl.org\/en\/participate\/schools-youth-organizations\/"]}]},{"@type":"ImageObject","inLanguage":"en-US","@id":"https:\/\/mumtl.org\/en\/participate\/schools-youth-organizations\/#primaryimage","url":"https:\/\/mumtl.org\/wp-content\/uploads\/2013\/12\/MU_LTT_2011_RealisationMurale_creditsSTEPHANIEGAUDET_07_M.jpg","contentUrl":"https:\/\/mumtl.org\/wp-content\/uploads\/2013\/12\/MU_LTT_2011_RealisationMurale_creditsSTEPHANIEGAUDET_07_M.jpg","width":1000,"height":750},{"@type":"BreadcrumbList","@id":"https:\/\/mumtl.org\/en\/participate\/schools-youth-organizations\/#breadcrumb","itemListElement":[{"@type":"ListItem","position":1,"name":"Accueil","item":"https:\/\/mumtl.org\/en\/"},{"@type":"ListItem","position":2,"name":"Participate","item":"https:\/\/mumtl.org\/en\/participate\/"},{"@type":"ListItem","position":3,"name":"Schools + Youth Organizations"}]},{"@type":"WebSite","@id":"https:\/\/mumtl.org\/#website","url":"https:\/\/mumtl.org\/","name":"MU","description":"R\u00e9alisation de murales \u00e0 Montr\u00e9al \/ Murals creation in Montreal","potentialAction":[{"@type":"SearchAction","target":{"@type":"EntryPoint","urlTemplate":"https:\/\/mumtl.org\/?s={search_term_string}"},"query-input":{"@type":"PropertyValueSpecification","valueRequired":true,"valueName":"search_term_string"}}],"inLanguage":"en-US"}]}},"_links":{"self":[{"href":"https:\/\/mumtl.org\/en\/wp-json\/wp\/v2\/pages\/2049","targetHints":{"allow":["GET"]}}],"collection":[{"href":"https:\/\/mumtl.org\/en\/wp-json\/wp\/v2\/pages"}],"about":[{"href":"https:\/\/mumtl.org\/en\/wp-json\/wp\/v2\/types\/page"}],"author":[{"embeddable":true,"href":"https:\/\/mumtl.org\/en\/wp-json\/wp\/v2\/users\/1"}],"replies":[{"embeddable":true,"href":"https:\/\/mumtl.org\/en\/wp-json\/wp\/v2\/comments?post=2049"}],"version-history":[{"count":1,"href":"https:\/\/mumtl.org\/en\/wp-json\/wp\/v2\/pages\/2049\/revisions"}],"predecessor-version":[{"id":14511,"href":"https:\/\/mumtl.org\/en\/wp-json\/wp\/v2\/pages\/2049\/revisions\/14511"}],"up":[{"embeddable":true,"href":"https:\/\/mumtl.org\/en\/wp-json\/wp\/v2\/pages\/139"}],"wp:featuredmedia":[{"embeddable":true,"href":"https:\/\/mumtl.org\/en\/wp-json\/wp\/v2\/media\/4350"}],"wp:attachment":[{"href":"https:\/\/mumtl.org\/en\/wp-json\/wp\/v2\/media?parent=2049"}],"curies":[{"name":"wp","href":"https:\/\/api.w.org\/{rel}","templated":true}]}}