{"id":535,"date":"2012-09-25T02:09:12","date_gmt":"2012-09-25T02:09:12","guid":{"rendered":"http:\/\/mumtl.org\/?page_id=535"},"modified":"2024-06-10T20:50:47","modified_gmt":"2024-06-10T20:50:47","slug":"donate-to-mu","status":"publish","type":"page","link":"https:\/\/mumtl.org\/en\/donate-to-mu\/","title":{"rendered":"MAKE A DONATION"},"content":{"rendered":"<h2>Become a builder of an open air art MUseum!<\/h2>\n<p>MU\u2019s murals evoke, in a roundabout way, unexpected, everyday emotions. The murals allow everyone to experience Montreal in different ways, through different eyes via an artistic experience that leaves no one untouched. The creative process emerges from the studio. In all, the visual arts adapt to the street and open onto the community!<\/p>\n<h2>Encourage creativity among young Montrealers!<\/h2>\n<p>MU offers mural art youth <a title=\"Schools + Youth Organizations\" href=\"http:\/\/mumtl.org\/participate\/schools-youth-organizations\/\">workshops<\/a> every summer in partnership with many local organizations, at the high school level via the extracurricular program Laisse ta trace (Leave Your Mark). Under playful and stimulating activities, youth learn about art as a creative way to self-confidence and the value of self-expression.<\/p>\n<h2>Make an on-line donation*:<\/h2>\n<div id=\"donateForm\"><\/div>\n<h2>Make a donation by cheque*:<\/h2>\n<p>Please make cheque payable to MU. Please include name and address for your receipt \u00a0and mail to the following address:<\/p>\n<p>MU<br \/>\n7227 rue Alexandra<br \/>\nMontr\u00e9al (QC) H2R 2Y9<\/p>\n<p><strong>MU thanks you for your generous support!<\/strong><br \/>\n<strong> Together we will succeed in making Montreal the One-Hundred Murals City!<\/strong><\/p>\n<p>*As a non-profit organization (NEQ : 811229756RR0001), MU (directly or via CanadaHelps) will send you an official receipt for your tax returns for all donations of $25 or more.<\/p>\n","protected":false},"excerpt":{"rendered":"<p>Become a builder of an open air art MUseum! MU\u2019s murals evoke, in a roundabout way, unexpected, everyday emotions. The murals allow everyone to experience Montreal in different ways, through different eyes via an artistic experience that leaves no one untouched. The creative process emerges from the studio. In all, the visual arts adapt to &hellip; <a href=\"https:\/\/mumtl.org\/en\/donate-to-mu\/\">Continued<\/a><\/p>\n","protected":false},"author":1,"featured_media":0,"parent":0,"menu_order":0,"comment_status":"open","ping_status":"closed","template":"","meta":{"_acf_changed":false,"footnotes":""},"class_list":["post-535","page","type-page","status-publish","hentry"],"acf":[],"yoast_head":"<!-- This site is optimized with the Yoast SEO plugin v27.2 - https:\/\/yoast.com\/product\/yoast-seo-wordpress\/ -->\n<title>MU &#187; MAKE A DONATION<\/title>\n<meta name=\"robots\" content=\"index, follow, max-snippet:-1, max-image-preview:large, max-video-preview:-1\" \/>\n<link rel=\"canonical\" href=\"https:\/\/mumtl.org\/en\/donate-to-mu\/\" \/>\n<meta property=\"og:locale\" content=\"en_US\" \/>\n<meta property=\"og:type\" content=\"article\" \/>\n<meta property=\"og:title\" content=\"MU &#187; MAKE A DONATION\" \/>\n<meta property=\"og:description\" content=\"Become a builder of an open air art MUseum! MU\u2019s murals evoke, in a roundabout way, unexpected, everyday emotions. The murals allow everyone to experience Montreal in different ways, through different eyes via an artistic experience that leaves no one untouched. The creative process emerges from the studio. In all, the visual arts adapt to &hellip; Continued\" \/>\n<meta property=\"og:url\" content=\"https:\/\/mumtl.org\/en\/donate-to-mu\/\" \/>\n<meta property=\"og:site_name\" content=\"MU\" \/>\n<meta property=\"article:modified_time\" content=\"2024-06-10T20:50:47+00:00\" \/>\n<meta name=\"twitter:card\" content=\"summary_large_image\" \/>\n<meta name=\"twitter:label1\" content=\"Est. reading time\" \/>\n\t<meta name=\"twitter:data1\" content=\"1 minute\" \/>\n<script type=\"application\/ld+json\" class=\"yoast-schema-graph\">{\"@context\":\"https:\/\/schema.org\",\"@graph\":[{\"@type\":\"WebPage\",\"@id\":\"https:\/\/mumtl.org\/en\/donate-to-mu\/\",\"url\":\"https:\/\/mumtl.org\/en\/donate-to-mu\/\",\"name\":\"MU &#187; MAKE A DONATION\",\"isPartOf\":{\"@id\":\"https:\/\/mumtl.org\/#website\"},\"datePublished\":\"2012-09-25T02:09:12+00:00\",\"dateModified\":\"2024-06-10T20:50:47+00:00\",\"breadcrumb\":{\"@id\":\"https:\/\/mumtl.org\/en\/donate-to-mu\/#breadcrumb\"},\"inLanguage\":\"en-US\",\"potentialAction\":[{\"@type\":\"ReadAction\",\"target\":[\"https:\/\/mumtl.org\/en\/donate-to-mu\/\"]}]},{\"@type\":\"BreadcrumbList\",\"@id\":\"https:\/\/mumtl.org\/en\/donate-to-mu\/#breadcrumb\",\"itemListElement\":[{\"@type\":\"ListItem\",\"position\":1,\"name\":\"Accueil\",\"item\":\"https:\/\/mumtl.org\/en\/\"},{\"@type\":\"ListItem\",\"position\":2,\"name\":\"MAKE A DONATION\"}]},{\"@type\":\"WebSite\",\"@id\":\"https:\/\/mumtl.org\/#website\",\"url\":\"https:\/\/mumtl.org\/\",\"name\":\"MU\",\"description\":\"R\u00e9alisation de murales \u00e0 Montr\u00e9al \/ Murals creation in Montreal\",\"potentialAction\":[{\"@type\":\"SearchAction\",\"target\":{\"@type\":\"EntryPoint\",\"urlTemplate\":\"https:\/\/mumtl.org\/?s={search_term_string}\"},\"query-input\":{\"@type\":\"PropertyValueSpecification\",\"valueRequired\":true,\"valueName\":\"search_term_string\"}}],\"inLanguage\":\"en-US\"}]}<\/script>\n<!-- \/ Yoast SEO plugin. -->","yoast_head_json":{"title":"MU &#187; MAKE A DONATION","robots":{"index":"index","follow":"follow","max-snippet":"max-snippet:-1","max-image-preview":"max-image-preview:large","max-video-preview":"max-video-preview:-1"},"canonical":"https:\/\/mumtl.org\/en\/donate-to-mu\/","og_locale":"en_US","og_type":"article","og_title":"MU &#187; MAKE A DONATION","og_description":"Become a builder of an open air art MUseum! MU\u2019s murals evoke, in a roundabout way, unexpected, everyday emotions. The murals allow everyone to experience Montreal in different ways, through different eyes via an artistic experience that leaves no one untouched. The creative process emerges from the studio. In all, the visual arts adapt to &hellip; Continued","og_url":"https:\/\/mumtl.org\/en\/donate-to-mu\/","og_site_name":"MU","article_modified_time":"2024-06-10T20:50:47+00:00","twitter_card":"summary_large_image","twitter_misc":{"Est. reading time":"1 minute"},"schema":{"@context":"https:\/\/schema.org","@graph":[{"@type":"WebPage","@id":"https:\/\/mumtl.org\/en\/donate-to-mu\/","url":"https:\/\/mumtl.org\/en\/donate-to-mu\/","name":"MU &#187; MAKE A DONATION","isPartOf":{"@id":"https:\/\/mumtl.org\/#website"},"datePublished":"2012-09-25T02:09:12+00:00","dateModified":"2024-06-10T20:50:47+00:00","breadcrumb":{"@id":"https:\/\/mumtl.org\/en\/donate-to-mu\/#breadcrumb"},"inLanguage":"en-US","potentialAction":[{"@type":"ReadAction","target":["https:\/\/mumtl.org\/en\/donate-to-mu\/"]}]},{"@type":"BreadcrumbList","@id":"https:\/\/mumtl.org\/en\/donate-to-mu\/#breadcrumb","itemListElement":[{"@type":"ListItem","position":1,"name":"Accueil","item":"https:\/\/mumtl.org\/en\/"},{"@type":"ListItem","position":2,"name":"MAKE A DONATION"}]},{"@type":"WebSite","@id":"https:\/\/mumtl.org\/#website","url":"https:\/\/mumtl.org\/","name":"MU","description":"R\u00e9alisation de murales \u00e0 Montr\u00e9al \/ Murals creation in Montreal","potentialAction":[{"@type":"SearchAction","target":{"@type":"EntryPoint","urlTemplate":"https:\/\/mumtl.org\/?s={search_term_string}"},"query-input":{"@type":"PropertyValueSpecification","valueRequired":true,"valueName":"search_term_string"}}],"inLanguage":"en-US"}]}},"_links":{"self":[{"href":"https:\/\/mumtl.org\/en\/wp-json\/wp\/v2\/pages\/535","targetHints":{"allow":["GET"]}}],"collection":[{"href":"https:\/\/mumtl.org\/en\/wp-json\/wp\/v2\/pages"}],"about":[{"href":"https:\/\/mumtl.org\/en\/wp-json\/wp\/v2\/types\/page"}],"author":[{"embeddable":true,"href":"https:\/\/mumtl.org\/en\/wp-json\/wp\/v2\/users\/1"}],"replies":[{"embeddable":true,"href":"https:\/\/mumtl.org\/en\/wp-json\/wp\/v2\/comments?post=535"}],"version-history":[{"count":5,"href":"https:\/\/mumtl.org\/en\/wp-json\/wp\/v2\/pages\/535\/revisions"}],"predecessor-version":[{"id":24844,"href":"https:\/\/mumtl.org\/en\/wp-json\/wp\/v2\/pages\/535\/revisions\/24844"}],"wp:attachment":[{"href":"https:\/\/mumtl.org\/en\/wp-json\/wp\/v2\/media?parent=535"}],"curies":[{"name":"wp","href":"https:\/\/api.w.org\/{rel}","templated":true}]}}